{"id":980,"date":"2025-08-05T11:32:20","date_gmt":"2025-08-05T09:32:20","guid":{"rendered":"https:\/\/uczymyna6.dkonto.pl\/?post_type=product&#038;p=980"},"modified":"2026-01-05T09:05:37","modified_gmt":"2026-01-05T08:05:37","slug":"kurs-maturalny-angielski-online","status":"publish","type":"product","link":"https:\/\/uczymyna6.wedrowanie.org.pl\/index.php\/produkt\/kurs-maturalny-angielski-online\/","title":{"rendered":"Kurs maturalny \u2013 j\u0119zyk angielski online 1:1 &#8211; dla uczni\u00f3w"},"content":{"rendered":"<p data-start=\"229\" data-end=\"402\"><strong>Twoje dziecko przygotuje si\u0119 do matury z angielskiego spokojnie, skutecznie i bez stresu. Nasz kurs maturalny j\u0119zyk angielski online to indywidualne wsparcie dla uczni\u00f3w, kt\u00f3rzy chc\u0105:<\/strong><\/p>\n<ul data-start=\"404\" data-end=\"693\">\n<li data-start=\"404\" data-end=\"456\">\n<p data-start=\"406\" data-end=\"456\">usystematyzowa\u0107 wiedz\u0119 gramatyczn\u0105 i leksykaln\u0105,<\/p>\n<\/li>\n<li data-start=\"457\" data-end=\"508\">\n<p data-start=\"459\" data-end=\"508\">prze\u0107wiczy\u0107 najcz\u0119stsze typy zada\u0144 maturalnych,<\/p>\n<\/li>\n<li data-start=\"509\" data-end=\"577\">\n<p data-start=\"511\" data-end=\"577\">rozwin\u0105\u0107 umiej\u0119tno\u015b\u0107 pisania wypracowa\u0144 i reagowania j\u0119zykowego,<\/p>\n<\/li>\n<li data-start=\"578\" data-end=\"631\">\n<p data-start=\"580\" data-end=\"631\">\u0107wiczy\u0107 rozumienie tekst\u00f3w pisanych i s\u0142uchanych,<\/p>\n<\/li>\n<li data-start=\"632\" data-end=\"693\">\n<p data-start=\"634\" data-end=\"693\">pracowa\u0107 w swoim tempie, z indywidualnym wsparciem lektora.<\/p>\n<\/li>\n<\/ul>\n<h3 data-start=\"700\" data-end=\"723\"><strong data-start=\"704\" data-end=\"723\">Dlaczego warto?<\/strong><\/h3>\n<p data-start=\"725\" data-end=\"972\">To nie jest og\u00f3lny kurs j\u0119zykowy \u2013 to program przygotowany z my\u015bl\u0105 o maturzystach. Obejmuje dok\u0142adnie to, co potrzebne na egzaminie, a dodatkowo pomaga uczniowi nabra\u0107 pewno\u015bci siebie, wy\u0107wiczy\u0107 strategie egzaminacyjne i wyeliminowa\u0107 typowe b\u0142\u0119dy.<\/p>\n<p data-start=\"974\" data-end=\"1196\">Na start wykonujemy <strong data-start=\"994\" data-end=\"1016\">test diagnostyczny<\/strong>, by okre\u015bli\u0107 poziom i potrzeby ucznia. Nast\u0119pnie ustalamy plan nauki, a lektor prowadzi zaj\u0119cia w 100% dopasowane do ucznia. Bez stresu, bez presji, za to z pe\u0142nym zaanga\u017cowaniem.<\/p>\n<h3 data-start=\"853\" data-end=\"874\"><strong data-start=\"853\" data-end=\"874\">Dost\u0119pne pakiety <\/strong><strong data-start=\"1022\" data-end=\"1044\">kursu maturalnego angielski online<\/strong><strong data-start=\"853\" data-end=\"874\">:<\/strong><\/h3>\n<ul data-start=\"875\" data-end=\"1020\">\n<li data-start=\"875\" data-end=\"951\">\n<p data-start=\"877\" data-end=\"951\"><strong data-start=\"877\" data-end=\"888\">6 zaj\u0119\u0107 po 60 minut<\/strong> \u2013 idealne, by sprawdzi\u0107 nasz spos\u00f3b uczenia (gwarancja tej samej ceny przy kontynuacji)<\/p>\n<\/li>\n<li data-start=\"952\" data-end=\"1020\">\n<p data-start=\"954\" data-end=\"1020\"><strong data-start=\"954\" data-end=\"966\">15 zaj\u0119\u0107<\/strong> <strong>po 60 minut<\/strong> \u2013 pe\u0142ne przygotowanie + dodatkowe materia\u0142y i bonusy.<\/p>\n<\/li>\n<\/ul>\n<h3 data-start=\"1022\" data-end=\"1044\"><strong data-start=\"1022\" data-end=\"1044\">W ka\u017cdym pakiecie:<\/strong><\/h3>\n<ul data-start=\"1045\" data-end=\"1323\">\n<li data-start=\"1045\" data-end=\"1089\">\n<p data-start=\"1047\" data-end=\"1089\">30-minutowe spotkanie wprowadzaj\u0105ce GRATIS<\/p>\n<\/li>\n<li data-start=\"1045\" data-end=\"1089\">6 lub 15 zaj\u0119\u0107 po 60 minut<\/li>\n<li data-start=\"1090\" data-end=\"1115\">\n<p data-start=\"1092\" data-end=\"1115\">indywidualny plan nauki<\/p>\n<\/li>\n<li data-start=\"1116\" data-end=\"1147\">\n<p data-start=\"1118\" data-end=\"1147\">podsumowania po ka\u017cdej lekcji<\/p>\n<\/li>\n<li data-start=\"1148\" data-end=\"1202\">\n<p data-start=\"1150\" data-end=\"1202\">materia\u0142y PDF i audio + zadania domowe (na \u017cyczenie)<\/p>\n<\/li>\n<li data-start=\"1203\" data-end=\"1246\">\n<p data-start=\"1205\" data-end=\"1246\">gwarancja tej samej ceny przy kontynuacji<\/p>\n<\/li>\n<li data-start=\"1247\" data-end=\"1265\">\n<p data-start=\"1249\" data-end=\"1265\">test poziomuj\u0105cy<\/p>\n<\/li>\n<li data-start=\"1266\" data-end=\"1323\">\n<p data-start=\"1268\" data-end=\"1323\">bonusy przy pakiecie 15 zaj\u0119\u0107: e-book + planer j\u0119zykowy<\/p>\n<\/li>\n<\/ul>\n<h3 data-start=\"1823\" data-end=\"1882\"><strong data-start=\"1827\" data-end=\"1882\">Dla kogo jest kurs maturalny angielski online?<\/strong><\/h3>\n<ul data-start=\"1884\" data-end=\"2163\">\n<li data-start=\"1884\" data-end=\"1956\">\n<p data-start=\"1886\" data-end=\"1956\">Dla uczni\u00f3w szk\u00f3\u0142 ponadpodstawowych, przygotowuj\u0105cych si\u0119 do matury,<\/p>\n<\/li>\n<li data-start=\"1957\" data-end=\"2025\">\n<p data-start=\"1959\" data-end=\"2025\">Dla tych, kt\u00f3rzy chc\u0105 \u0107wiczy\u0107 regularnie, ale we w\u0142asnym tempie,<\/p>\n<\/li>\n<li data-start=\"2026\" data-end=\"2083\">\n<p data-start=\"2028\" data-end=\"2083\">Dla os\u00f3b, kt\u00f3re potrzebuj\u0105 motywacji i jasnego planu,<\/p>\n<\/li>\n<li data-start=\"2084\" data-end=\"2163\">\n<p data-start=\"2086\" data-end=\"2163\">Dla rodzic\u00f3w, kt\u00f3rzy chc\u0105 mie\u0107 pewno\u015b\u0107, \u017ce nauka idzie we w\u0142a\u015bciwym kierunku.<\/p>\n<\/li>\n<\/ul>\n<p><strong>Po op\u0142aceniu kursu otrzymasz maila z linkiem do um\u00f3wienia si\u0119 na pierwsze, bezp\u0142atne szkolenie wprowadzaj\u0105ce. <\/strong><strong>Spotkanie oraz kurs rozpoczn\u0105 si\u0119 po 3 pa\u017adziernika 2025!<\/strong><\/p>\n","protected":false},"excerpt":{"rendered":"<p data-start=\"283\" data-end=\"450\">Indywidualny kurs online przygotowuj\u0105cy do matury z j\u0119zyka angielskiego. Dla uczni\u00f3w, kt\u00f3rzy chc\u0105 zda\u0107 dobrze lub bardzo dobrze \u2013 bez stresu, za to z planem, systematyczno\u015bci\u0105 i wsparciem.<\/p>\n<p data-start=\"388\" data-end=\"540\">\n","protected":false},"featured_media":983,"template":"","meta":{"_kadence_starter_templates_imported_post":false,"_kad_post_transparent":"default","_kad_post_title":"","_kad_post_layout":"default","_kad_post_sidebar_id":"","_kad_post_content_style":"default","_kad_post_vertical_padding":"default","_kad_post_feature":"","_kad_post_feature_position":"","_kad_post_header":false,"_kad_post_footer":false,"_kad_post_classname":""},"product_brand":[],"product_cat":[16],"product_tag":[],"class_list":{"0":"post-980","1":"product","2":"type-product","3":"status-publish","4":"has-post-thumbnail","6":"product_cat-dla-dzieci","8":"first","9":"instock","10":"sale","11":"featured","12":"shipping-taxable","13":"purchasable","14":"product-type-variable","15":"has-default-attributes","16":"entry","17":"content-bg","18":"loop-entry"},"yoast_head":"<!-- This site is optimized with the Yoast SEO plugin v27.6 - https:\/\/yoast.com\/product\/yoast-seo-wordpress\/ -->\n<title>Kurs maturalny angielski online z lektorem 1:1 | uczymyna6.pl<\/title>\n<meta name=\"description\" content=\"kurs maturalny angielski online \u2013 indywidualne zaj\u0119cia online 1:1 z lektorem. Pakiety 6 lub 15 lekcji. Nauka bez stresu i z efektami.\" \/>\n<meta name=\"robots\" content=\"index, follow, max-snippet:-1, max-image-preview:large, max-video-preview:-1\" \/>\n<link rel=\"canonical\" href=\"https:\/\/uczymyna6.wedrowanie.org.pl\/index.php\/produkt\/kurs-maturalny-angielski-online\/\" \/>\n<meta property=\"og:locale\" content=\"pl_PL\" \/>\n<meta property=\"og:type\" content=\"article\" \/>\n<meta property=\"og:title\" content=\"Kurs maturalny angielski online z lektorem 1:1 | uczymyna6.pl\" \/>\n<meta property=\"og:description\" content=\"kurs maturalny angielski online \u2013 indywidualne zaj\u0119cia online 1:1 z lektorem. Pakiety 6 lub 15 lekcji. Nauka bez stresu i z efektami.\" \/>\n<meta property=\"og:url\" content=\"https:\/\/uczymyna6.wedrowanie.org.pl\/index.php\/produkt\/kurs-maturalny-angielski-online\/\" \/>\n<meta property=\"og:site_name\" content=\"Uczymyna6\" \/>\n<meta property=\"article:modified_time\" content=\"2026-01-05T08:05:37+00:00\" \/>\n<meta property=\"og:image\" content=\"https:\/\/uczymyna6.wedrowanie.org.pl\/wp-content\/uploads\/2025\/08\/matura.webp\" \/>\n\t<meta property=\"og:image:width\" content=\"1400\" \/>\n\t<meta property=\"og:image:height\" content=\"900\" \/>\n\t<meta property=\"og:image:type\" content=\"image\/webp\" \/>\n<meta name=\"twitter:card\" content=\"summary_large_image\" \/>\n<meta name=\"twitter:label1\" content=\"Szacowany czas czytania\" \/>\n\t<meta name=\"twitter:data1\" content=\"2 minuty\" \/>\n<script type=\"application\/ld+json\" class=\"yoast-schema-graph\">{\"@context\":\"https:\\\/\\\/schema.org\",\"@graph\":[{\"@type\":\"WebPage\",\"@id\":\"https:\\\/\\\/uczymyna6.wedrowanie.org.pl\\\/index.php\\\/produkt\\\/kurs-maturalny-angielski-online\\\/\",\"url\":\"https:\\\/\\\/uczymyna6.wedrowanie.org.pl\\\/index.php\\\/produkt\\\/kurs-maturalny-angielski-online\\\/\",\"name\":\"Kurs maturalny angielski online z lektorem 1:1 | uczymyna6.pl\",\"isPartOf\":{\"@id\":\"https:\\\/\\\/uczymyna6.wedrowanie.org.pl\\\/#website\"},\"primaryImageOfPage\":{\"@id\":\"https:\\\/\\\/uczymyna6.wedrowanie.org.pl\\\/index.php\\\/produkt\\\/kurs-maturalny-angielski-online\\\/#primaryimage\"},\"image\":{\"@id\":\"https:\\\/\\\/uczymyna6.wedrowanie.org.pl\\\/index.php\\\/produkt\\\/kurs-maturalny-angielski-online\\\/#primaryimage\"},\"thumbnailUrl\":\"https:\\\/\\\/uczymyna6.wedrowanie.org.pl\\\/wp-content\\\/uploads\\\/2025\\\/08\\\/matura.webp\",\"datePublished\":\"2025-08-05T09:32:20+00:00\",\"dateModified\":\"2026-01-05T08:05:37+00:00\",\"description\":\"kurs maturalny angielski online \u2013 indywidualne zaj\u0119cia online 1:1 z lektorem. Pakiety 6 lub 15 lekcji. Nauka bez stresu i z efektami.\",\"breadcrumb\":{\"@id\":\"https:\\\/\\\/uczymyna6.wedrowanie.org.pl\\\/index.php\\\/produkt\\\/kurs-maturalny-angielski-online\\\/#breadcrumb\"},\"inLanguage\":\"pl-PL\",\"potentialAction\":[{\"@type\":\"ReadAction\",\"target\":[\"https:\\\/\\\/uczymyna6.wedrowanie.org.pl\\\/index.php\\\/produkt\\\/kurs-maturalny-angielski-online\\\/\"]}]},{\"@type\":\"ImageObject\",\"inLanguage\":\"pl-PL\",\"@id\":\"https:\\\/\\\/uczymyna6.wedrowanie.org.pl\\\/index.php\\\/produkt\\\/kurs-maturalny-angielski-online\\\/#primaryimage\",\"url\":\"https:\\\/\\\/uczymyna6.wedrowanie.org.pl\\\/wp-content\\\/uploads\\\/2025\\\/08\\\/matura.webp\",\"contentUrl\":\"https:\\\/\\\/uczymyna6.wedrowanie.org.pl\\\/wp-content\\\/uploads\\\/2025\\\/08\\\/matura.webp\",\"width\":1400,\"height\":900,\"caption\":\"kurs maturalny angielski online\"},{\"@type\":\"BreadcrumbList\",\"@id\":\"https:\\\/\\\/uczymyna6.wedrowanie.org.pl\\\/index.php\\\/produkt\\\/kurs-maturalny-angielski-online\\\/#breadcrumb\",\"itemListElement\":[{\"@type\":\"ListItem\",\"position\":1,\"name\":\"Strona g\u0142\u00f3wna\",\"item\":\"https:\\\/\\\/uczymyna6.wedrowanie.org.pl\\\/\"},{\"@type\":\"ListItem\",\"position\":2,\"name\":\"Sprawd\u017a, co dla Ciebie przygotowali\u015bmy\",\"item\":\"https:\\\/\\\/uczymyna6.wedrowanie.org.pl\\\/index.php\\\/sklep\\\/\"},{\"@type\":\"ListItem\",\"position\":3,\"name\":\"Kurs maturalny \u2013 j\u0119zyk angielski online 1:1 &#8211; dla uczni\u00f3w\"}]},{\"@type\":\"WebSite\",\"@id\":\"https:\\\/\\\/uczymyna6.wedrowanie.org.pl\\\/#website\",\"url\":\"https:\\\/\\\/uczymyna6.wedrowanie.org.pl\\\/\",\"name\":\"Uczymyna6\",\"description\":\"\",\"publisher\":{\"@id\":\"https:\\\/\\\/uczymyna6.wedrowanie.org.pl\\\/#organization\"},\"potentialAction\":[{\"@type\":\"SearchAction\",\"target\":{\"@type\":\"EntryPoint\",\"urlTemplate\":\"https:\\\/\\\/uczymyna6.wedrowanie.org.pl\\\/?s={search_term_string}\"},\"query-input\":{\"@type\":\"PropertyValueSpecification\",\"valueRequired\":true,\"valueName\":\"search_term_string\"}}],\"inLanguage\":\"pl-PL\"},{\"@type\":\"Organization\",\"@id\":\"https:\\\/\\\/uczymyna6.wedrowanie.org.pl\\\/#organization\",\"name\":\"Uczymyna6\",\"url\":\"https:\\\/\\\/uczymyna6.wedrowanie.org.pl\\\/\",\"logo\":{\"@type\":\"ImageObject\",\"inLanguage\":\"pl-PL\",\"@id\":\"https:\\\/\\\/uczymyna6.wedrowanie.org.pl\\\/#\\\/schema\\\/logo\\\/image\\\/\",\"url\":\"https:\\\/\\\/uczymyna6.wedrowanie.org.pl\\\/wp-content\\\/uploads\\\/2025\\\/08\\\/cropped-uczymyna6-logo_n.webp\",\"contentUrl\":\"https:\\\/\\\/uczymyna6.wedrowanie.org.pl\\\/wp-content\\\/uploads\\\/2025\\\/08\\\/cropped-uczymyna6-logo_n.webp\",\"width\":500,\"height\":200,\"caption\":\"Uczymyna6\"},\"image\":{\"@id\":\"https:\\\/\\\/uczymyna6.wedrowanie.org.pl\\\/#\\\/schema\\\/logo\\\/image\\\/\"}}]}<\/script>\n<!-- \/ Yoast SEO plugin. -->","yoast_head_json":{"title":"Kurs maturalny angielski online z lektorem 1:1 | uczymyna6.pl","description":"kurs maturalny angielski online \u2013 indywidualne zaj\u0119cia online 1:1 z lektorem. Pakiety 6 lub 15 lekcji. Nauka bez stresu i z efektami.","robots":{"index":"index","follow":"follow","max-snippet":"max-snippet:-1","max-image-preview":"max-image-preview:large","max-video-preview":"max-video-preview:-1"},"canonical":"https:\/\/uczymyna6.wedrowanie.org.pl\/index.php\/produkt\/kurs-maturalny-angielski-online\/","og_locale":"pl_PL","og_type":"article","og_title":"Kurs maturalny angielski online z lektorem 1:1 | uczymyna6.pl","og_description":"kurs maturalny angielski online \u2013 indywidualne zaj\u0119cia online 1:1 z lektorem. Pakiety 6 lub 15 lekcji. Nauka bez stresu i z efektami.","og_url":"https:\/\/uczymyna6.wedrowanie.org.pl\/index.php\/produkt\/kurs-maturalny-angielski-online\/","og_site_name":"Uczymyna6","article_modified_time":"2026-01-05T08:05:37+00:00","og_image":[{"width":1400,"height":900,"url":"https:\/\/uczymyna6.wedrowanie.org.pl\/wp-content\/uploads\/2025\/08\/matura.webp","type":"image\/webp"}],"twitter_card":"summary_large_image","twitter_misc":{"Szacowany czas czytania":"2 minuty"},"schema":{"@context":"https:\/\/schema.org","@graph":[{"@type":"WebPage","@id":"https:\/\/uczymyna6.wedrowanie.org.pl\/index.php\/produkt\/kurs-maturalny-angielski-online\/","url":"https:\/\/uczymyna6.wedrowanie.org.pl\/index.php\/produkt\/kurs-maturalny-angielski-online\/","name":"Kurs maturalny angielski online z lektorem 1:1 | uczymyna6.pl","isPartOf":{"@id":"https:\/\/uczymyna6.wedrowanie.org.pl\/#website"},"primaryImageOfPage":{"@id":"https:\/\/uczymyna6.wedrowanie.org.pl\/index.php\/produkt\/kurs-maturalny-angielski-online\/#primaryimage"},"image":{"@id":"https:\/\/uczymyna6.wedrowanie.org.pl\/index.php\/produkt\/kurs-maturalny-angielski-online\/#primaryimage"},"thumbnailUrl":"https:\/\/uczymyna6.wedrowanie.org.pl\/wp-content\/uploads\/2025\/08\/matura.webp","datePublished":"2025-08-05T09:32:20+00:00","dateModified":"2026-01-05T08:05:37+00:00","description":"kurs maturalny angielski online \u2013 indywidualne zaj\u0119cia online 1:1 z lektorem. Pakiety 6 lub 15 lekcji. Nauka bez stresu i z efektami.","breadcrumb":{"@id":"https:\/\/uczymyna6.wedrowanie.org.pl\/index.php\/produkt\/kurs-maturalny-angielski-online\/#breadcrumb"},"inLanguage":"pl-PL","potentialAction":[{"@type":"ReadAction","target":["https:\/\/uczymyna6.wedrowanie.org.pl\/index.php\/produkt\/kurs-maturalny-angielski-online\/"]}]},{"@type":"ImageObject","inLanguage":"pl-PL","@id":"https:\/\/uczymyna6.wedrowanie.org.pl\/index.php\/produkt\/kurs-maturalny-angielski-online\/#primaryimage","url":"https:\/\/uczymyna6.wedrowanie.org.pl\/wp-content\/uploads\/2025\/08\/matura.webp","contentUrl":"https:\/\/uczymyna6.wedrowanie.org.pl\/wp-content\/uploads\/2025\/08\/matura.webp","width":1400,"height":900,"caption":"kurs maturalny angielski online"},{"@type":"BreadcrumbList","@id":"https:\/\/uczymyna6.wedrowanie.org.pl\/index.php\/produkt\/kurs-maturalny-angielski-online\/#breadcrumb","itemListElement":[{"@type":"ListItem","position":1,"name":"Strona g\u0142\u00f3wna","item":"https:\/\/uczymyna6.wedrowanie.org.pl\/"},{"@type":"ListItem","position":2,"name":"Sprawd\u017a, co dla Ciebie przygotowali\u015bmy","item":"https:\/\/uczymyna6.wedrowanie.org.pl\/index.php\/sklep\/"},{"@type":"ListItem","position":3,"name":"Kurs maturalny \u2013 j\u0119zyk angielski online 1:1 &#8211; dla uczni\u00f3w"}]},{"@type":"WebSite","@id":"https:\/\/uczymyna6.wedrowanie.org.pl\/#website","url":"https:\/\/uczymyna6.wedrowanie.org.pl\/","name":"Uczymyna6","description":"","publisher":{"@id":"https:\/\/uczymyna6.wedrowanie.org.pl\/#organization"},"potentialAction":[{"@type":"SearchAction","target":{"@type":"EntryPoint","urlTemplate":"https:\/\/uczymyna6.wedrowanie.org.pl\/?s={search_term_string}"},"query-input":{"@type":"PropertyValueSpecification","valueRequired":true,"valueName":"search_term_string"}}],"inLanguage":"pl-PL"},{"@type":"Organization","@id":"https:\/\/uczymyna6.wedrowanie.org.pl\/#organization","name":"Uczymyna6","url":"https:\/\/uczymyna6.wedrowanie.org.pl\/","logo":{"@type":"ImageObject","inLanguage":"pl-PL","@id":"https:\/\/uczymyna6.wedrowanie.org.pl\/#\/schema\/logo\/image\/","url":"https:\/\/uczymyna6.wedrowanie.org.pl\/wp-content\/uploads\/2025\/08\/cropped-uczymyna6-logo_n.webp","contentUrl":"https:\/\/uczymyna6.wedrowanie.org.pl\/wp-content\/uploads\/2025\/08\/cropped-uczymyna6-logo_n.webp","width":500,"height":200,"caption":"Uczymyna6"},"image":{"@id":"https:\/\/uczymyna6.wedrowanie.org.pl\/#\/schema\/logo\/image\/"}}]}},"_links":{"self":[{"href":"https:\/\/uczymyna6.wedrowanie.org.pl\/index.php\/wp-json\/wp\/v2\/product\/980","targetHints":{"allow":["GET"]}}],"collection":[{"href":"https:\/\/uczymyna6.wedrowanie.org.pl\/index.php\/wp-json\/wp\/v2\/product"}],"about":[{"href":"https:\/\/uczymyna6.wedrowanie.org.pl\/index.php\/wp-json\/wp\/v2\/types\/product"}],"wp:featuredmedia":[{"embeddable":true,"href":"https:\/\/uczymyna6.wedrowanie.org.pl\/index.php\/wp-json\/wp\/v2\/media\/983"}],"wp:attachment":[{"href":"https:\/\/uczymyna6.wedrowanie.org.pl\/index.php\/wp-json\/wp\/v2\/media?parent=980"}],"wp:term":[{"taxonomy":"product_brand","embeddable":true,"href":"https:\/\/uczymyna6.wedrowanie.org.pl\/index.php\/wp-json\/wp\/v2\/product_brand?post=980"},{"taxonomy":"product_cat","embeddable":true,"href":"https:\/\/uczymyna6.wedrowanie.org.pl\/index.php\/wp-json\/wp\/v2\/product_cat?post=980"},{"taxonomy":"product_tag","embeddable":true,"href":"https:\/\/uczymyna6.wedrowanie.org.pl\/index.php\/wp-json\/wp\/v2\/product_tag?post=980"}],"curies":[{"name":"wp","href":"https:\/\/api.w.org\/{rel}","templated":true}]}}