{"id":952,"date":"2025-08-04T13:45:54","date_gmt":"2025-08-04T11:45:54","guid":{"rendered":"https:\/\/uczymyna6.dkonto.pl\/?post_type=product&#038;p=952"},"modified":"2026-01-05T09:09:07","modified_gmt":"2026-01-05T08:09:07","slug":"jezyk-angielski-konwersacyjny-online-11-dla-doroslych","status":"publish","type":"product","link":"https:\/\/uczymyna6.wedrowanie.org.pl\/index.php\/produkt\/jezyk-angielski-konwersacyjny-online-11-dla-doroslych\/","title":{"rendered":"J\u0119zyk angielski konwersacyjny online \u2013 1:1 dla doros\u0142ych"},"content":{"rendered":"<p data-start=\"207\" data-end=\"316\"><strong data-start=\"207\" data-end=\"316\">Chcesz m\u00f3wi\u0107 swobodnie po angielsku \u2013 bez stresu, blokad i sztucznych dialog\u00f3w? Kurs angielski konwersacyjny online jest dla Ciebie.<\/strong><\/p>\n<p data-start=\"318\" data-end=\"381\">Angielski konwersacyjny online 1:1 to idealna opcja dla os\u00f3b, kt\u00f3re:<\/p>\n<ul data-start=\"383\" data-end=\"741\">\n<li data-start=\"383\" data-end=\"446\">\n<p data-start=\"385\" data-end=\"446\">czuj\u0105, \u017ce znaj\u0105 angielski, ale trudno im m\u00f3wi\u0107 spontanicznie,<\/p>\n<\/li>\n<li data-start=\"447\" data-end=\"516\">\n<p data-start=\"449\" data-end=\"516\">maj\u0105 barier\u0119 j\u0119zykow\u0105 i chc\u0105 j\u0105 prze\u0142ama\u0107 w bezpiecznej atmosferze,<\/p>\n<\/li>\n<li data-start=\"517\" data-end=\"595\">\n<p data-start=\"519\" data-end=\"595\">chc\u0105 \u0107wiczy\u0107 angielski potrzebny w podr\u00f3\u017cy, pracy lub codziennych rozmowach,<\/p>\n<\/li>\n<li data-start=\"596\" data-end=\"670\">\n<p data-start=\"598\" data-end=\"670\">przygotowuj\u0105 si\u0119 do rozmowy o prac\u0119, prezentacji lub wyjazdu za granic\u0119,<\/p>\n<\/li>\n<li data-start=\"671\" data-end=\"741\">\n<p data-start=\"673\" data-end=\"741\">chc\u0105 \u201erozgada\u0107 si\u0119\u201d po latach przerwy i wr\u00f3ci\u0107 do j\u0119zyka w praktyce.<\/p>\n<\/li>\n<\/ul>\n<p data-start=\"743\" data-end=\"942\">Ka\u017cda lekcja to 60 minut m\u00f3wienia, \u0107wiczenia naturalnych reakcji, s\u0142ownictwa i zwrot\u00f3w z \u017cycia codziennego, pracy lub zainteresowa\u0144. Uczysz si\u0119 w swoim tempie, z lektorem, kt\u00f3ry wspiera \u2013 nie ocenia.<\/p>\n<h3 data-start=\"949\" data-end=\"978\">W pakiecie kursu j\u0119zyk angielski konwersacyjny online otrzymujesz:<\/h3>\n<ul data-start=\"980\" data-end=\"1290\">\n<li data-start=\"980\" data-end=\"1026\">\n<p data-start=\"982\" data-end=\"1026\">6, 10 lub 15 zaj\u0119\u0107 1:1 z lektorem (60 minut)<\/p>\n<\/li>\n<li data-start=\"1027\" data-end=\"1083\">\n<p data-start=\"1029\" data-end=\"1083\">Pierwsze spotkanie wprowadzaj\u0105ce GRATIS (30 minut)<\/p>\n<\/li>\n<li data-start=\"1084\" data-end=\"1129\">\n<p data-start=\"1086\" data-end=\"1129\">Spersonalizowany plan nauki i cele j\u0119zykowe<\/p>\n<\/li>\n<li data-start=\"1130\" data-end=\"1165\">\n<p data-start=\"1132\" data-end=\"1165\">Podsumowania po ka\u017cdych zaj\u0119ciach<\/p>\n<\/li>\n<li data-start=\"1166\" data-end=\"1221\">\n<p data-start=\"1168\" data-end=\"1221\">Materia\u0142y PDF, nagrania audio i zadania (na \u017cyczenie)<\/p>\n<\/li>\n<li data-start=\"1222\" data-end=\"1254\">\n<p data-start=\"1224\" data-end=\"1254\">Test poziomuj\u0105cy przed startem<\/p>\n<\/li>\n<li data-start=\"1255\" data-end=\"1290\">\n<p data-start=\"1257\" data-end=\"1290\">Sta\u0142a cena przy kontynuacji kursu<\/p>\n<\/li>\n<li data-start=\"1255\" data-end=\"1290\">\n<p data-start=\"1257\" data-end=\"1290\"><strong style=\"font-family: var(--global-body-font-family);\" data-start=\"1295\" data-end=\"1330\">Pakiet 15 zaj\u0119\u0107 zawiera bonusy: <\/strong><span style=\"font-family: var(--global-body-font-family);\">E-book \u201eJ\u0119zykowa rewolucja z AI\u201d (warto\u015b\u0107 129 z\u0142) oraz <\/span>Planer j\u0119zykowy PDF (warto\u015b\u0107 19 z\u0142)<\/p>\n<\/li>\n<\/ul>\n<p data-start=\"1434\" data-end=\"1520\"><strong data-start=\"1434\" data-end=\"1520\">Lekcje prowadzone s\u0105 online \u2013 elastycznie, bez dojazd\u00f3w, w dopasowanych godzinach.<\/strong><\/p>\n<p data-start=\"1527\" data-end=\"1609\">Chcesz, by Tw\u00f3j angielski wreszcie <em data-start=\"1562\" data-end=\"1573\">zabrzmia\u0142<\/em> naturalnie? Zacznij m\u00f3wi\u0107 ju\u017c dzi\u015b.<\/p>\n<p><strong>Po op\u0142aceniu kursu otrzymasz maila z linkiem do um\u00f3wienia si\u0119 na pierwsze, bezp\u0142atne spotkanie wprowadzaj\u0105ce. Spotkanie oraz kurs rozpoczn\u0105 si\u0119 po 3 pa\u017adziernika 2025!<\/strong><\/p>\n","protected":false},"excerpt":{"rendered":"<p data-start=\"388\" data-end=\"540\">M\u00f3w swobodnie po angielsku \u2013 bez stresu i barier! Kurs konwersacyjny 1:1 z lektorem to idealny wyb\u00f3r, je\u015bli chcesz \u0107wiczy\u0107 p\u0142ynno\u015b\u0107, rozumienie i naturalne zwroty przydatne w codziennych sytuacjach. Lekcje dopasowane do Twoich temat\u00f3w i tempa.<\/p>\n<p data-start=\"388\" data-end=\"540\">\n","protected":false},"featured_media":956,"template":"","meta":{"_kadence_starter_templates_imported_post":false,"_kad_post_transparent":"default","_kad_post_title":"","_kad_post_layout":"default","_kad_post_sidebar_id":"","_kad_post_content_style":"default","_kad_post_vertical_padding":"default","_kad_post_feature":"","_kad_post_feature_position":"","_kad_post_header":false,"_kad_post_footer":false,"_kad_post_classname":""},"product_brand":[],"product_cat":[17],"product_tag":[],"class_list":{"0":"post-952","1":"product","2":"type-product","3":"status-publish","4":"has-post-thumbnail","6":"product_cat-dla-doroslych","8":"first","9":"instock","10":"sale","11":"featured","12":"shipping-taxable","13":"purchasable","14":"product-type-variable","15":"has-default-attributes","16":"entry","17":"content-bg","18":"loop-entry"},"yoast_head":"<!-- This site is optimized with the Yoast SEO plugin v27.6 - https:\/\/yoast.com\/product\/yoast-seo-wordpress\/ -->\n<title>Angielski konwersacyjny online \u2013 1:1 z lektorem | uczymyna6.pl<\/title>\n<meta name=\"description\" content=\"Chcesz m\u00f3wi\u0107 p\u0142ynnie po angielsku? Angielski konwersacyjny online 1:1 pomo\u017ce Ci prze\u0142ama\u0107 barier\u0119 j\u0119zykow\u0105 i zacz\u0105\u0107 m\u00f3wi\u0107 swobodnie \u2013 bez stresu i ocen.\" \/>\n<meta name=\"robots\" content=\"index, follow, max-snippet:-1, max-image-preview:large, max-video-preview:-1\" \/>\n<link rel=\"canonical\" href=\"https:\/\/uczymyna6.wedrowanie.org.pl\/index.php\/produkt\/jezyk-angielski-konwersacyjny-online-11-dla-doroslych\/\" \/>\n<meta property=\"og:locale\" content=\"pl_PL\" \/>\n<meta property=\"og:type\" content=\"article\" \/>\n<meta property=\"og:title\" content=\"Angielski konwersacyjny online \u2013 1:1 z lektorem | uczymyna6.pl\" \/>\n<meta property=\"og:description\" content=\"Chcesz m\u00f3wi\u0107 p\u0142ynnie po angielsku? Angielski konwersacyjny online 1:1 pomo\u017ce Ci prze\u0142ama\u0107 barier\u0119 j\u0119zykow\u0105 i zacz\u0105\u0107 m\u00f3wi\u0107 swobodnie \u2013 bez stresu i ocen.\" \/>\n<meta property=\"og:url\" content=\"https:\/\/uczymyna6.wedrowanie.org.pl\/index.php\/produkt\/jezyk-angielski-konwersacyjny-online-11-dla-doroslych\/\" \/>\n<meta property=\"og:site_name\" content=\"Uczymyna6\" \/>\n<meta property=\"article:modified_time\" content=\"2026-01-05T08:09:07+00:00\" \/>\n<meta property=\"og:image\" content=\"https:\/\/uczymyna6.wedrowanie.org.pl\/wp-content\/uploads\/2025\/08\/kurs-konwersacyjny-sklep.webp\" \/>\n\t<meta property=\"og:image:width\" content=\"1400\" \/>\n\t<meta property=\"og:image:height\" content=\"900\" \/>\n\t<meta property=\"og:image:type\" content=\"image\/webp\" \/>\n<meta name=\"twitter:card\" content=\"summary_large_image\" \/>\n<meta name=\"twitter:label1\" content=\"Szacowany czas czytania\" \/>\n\t<meta name=\"twitter:data1\" content=\"2 minuty\" \/>\n<script type=\"application\/ld+json\" class=\"yoast-schema-graph\">{\"@context\":\"https:\\\/\\\/schema.org\",\"@graph\":[{\"@type\":\"WebPage\",\"@id\":\"https:\\\/\\\/uczymyna6.wedrowanie.org.pl\\\/index.php\\\/produkt\\\/jezyk-angielski-konwersacyjny-online-11-dla-doroslych\\\/\",\"url\":\"https:\\\/\\\/uczymyna6.wedrowanie.org.pl\\\/index.php\\\/produkt\\\/jezyk-angielski-konwersacyjny-online-11-dla-doroslych\\\/\",\"name\":\"Angielski konwersacyjny online \u2013 1:1 z lektorem | uczymyna6.pl\",\"isPartOf\":{\"@id\":\"https:\\\/\\\/uczymyna6.wedrowanie.org.pl\\\/#website\"},\"primaryImageOfPage\":{\"@id\":\"https:\\\/\\\/uczymyna6.wedrowanie.org.pl\\\/index.php\\\/produkt\\\/jezyk-angielski-konwersacyjny-online-11-dla-doroslych\\\/#primaryimage\"},\"image\":{\"@id\":\"https:\\\/\\\/uczymyna6.wedrowanie.org.pl\\\/index.php\\\/produkt\\\/jezyk-angielski-konwersacyjny-online-11-dla-doroslych\\\/#primaryimage\"},\"thumbnailUrl\":\"https:\\\/\\\/uczymyna6.wedrowanie.org.pl\\\/wp-content\\\/uploads\\\/2025\\\/08\\\/kurs-konwersacyjny-sklep.webp\",\"datePublished\":\"2025-08-04T11:45:54+00:00\",\"dateModified\":\"2026-01-05T08:09:07+00:00\",\"description\":\"Chcesz m\u00f3wi\u0107 p\u0142ynnie po angielsku? Angielski konwersacyjny online 1:1 pomo\u017ce Ci prze\u0142ama\u0107 barier\u0119 j\u0119zykow\u0105 i zacz\u0105\u0107 m\u00f3wi\u0107 swobodnie \u2013 bez stresu i ocen.\",\"breadcrumb\":{\"@id\":\"https:\\\/\\\/uczymyna6.wedrowanie.org.pl\\\/index.php\\\/produkt\\\/jezyk-angielski-konwersacyjny-online-11-dla-doroslych\\\/#breadcrumb\"},\"inLanguage\":\"pl-PL\",\"potentialAction\":[{\"@type\":\"ReadAction\",\"target\":[\"https:\\\/\\\/uczymyna6.wedrowanie.org.pl\\\/index.php\\\/produkt\\\/jezyk-angielski-konwersacyjny-online-11-dla-doroslych\\\/\"]}]},{\"@type\":\"ImageObject\",\"inLanguage\":\"pl-PL\",\"@id\":\"https:\\\/\\\/uczymyna6.wedrowanie.org.pl\\\/index.php\\\/produkt\\\/jezyk-angielski-konwersacyjny-online-11-dla-doroslych\\\/#primaryimage\",\"url\":\"https:\\\/\\\/uczymyna6.wedrowanie.org.pl\\\/wp-content\\\/uploads\\\/2025\\\/08\\\/kurs-konwersacyjny-sklep.webp\",\"contentUrl\":\"https:\\\/\\\/uczymyna6.wedrowanie.org.pl\\\/wp-content\\\/uploads\\\/2025\\\/08\\\/kurs-konwersacyjny-sklep.webp\",\"width\":1400,\"height\":900,\"caption\":\"J\u0119zyk angielski konwersacyjny online\"},{\"@type\":\"BreadcrumbList\",\"@id\":\"https:\\\/\\\/uczymyna6.wedrowanie.org.pl\\\/index.php\\\/produkt\\\/jezyk-angielski-konwersacyjny-online-11-dla-doroslych\\\/#breadcrumb\",\"itemListElement\":[{\"@type\":\"ListItem\",\"position\":1,\"name\":\"Strona g\u0142\u00f3wna\",\"item\":\"https:\\\/\\\/uczymyna6.wedrowanie.org.pl\\\/\"},{\"@type\":\"ListItem\",\"position\":2,\"name\":\"Sprawd\u017a, co dla Ciebie przygotowali\u015bmy\",\"item\":\"https:\\\/\\\/uczymyna6.wedrowanie.org.pl\\\/index.php\\\/sklep\\\/\"},{\"@type\":\"ListItem\",\"position\":3,\"name\":\"J\u0119zyk angielski konwersacyjny online \u2013 1:1 dla doros\u0142ych\"}]},{\"@type\":\"WebSite\",\"@id\":\"https:\\\/\\\/uczymyna6.wedrowanie.org.pl\\\/#website\",\"url\":\"https:\\\/\\\/uczymyna6.wedrowanie.org.pl\\\/\",\"name\":\"Uczymyna6\",\"description\":\"\",\"publisher\":{\"@id\":\"https:\\\/\\\/uczymyna6.wedrowanie.org.pl\\\/#organization\"},\"potentialAction\":[{\"@type\":\"SearchAction\",\"target\":{\"@type\":\"EntryPoint\",\"urlTemplate\":\"https:\\\/\\\/uczymyna6.wedrowanie.org.pl\\\/?s={search_term_string}\"},\"query-input\":{\"@type\":\"PropertyValueSpecification\",\"valueRequired\":true,\"valueName\":\"search_term_string\"}}],\"inLanguage\":\"pl-PL\"},{\"@type\":\"Organization\",\"@id\":\"https:\\\/\\\/uczymyna6.wedrowanie.org.pl\\\/#organization\",\"name\":\"Uczymyna6\",\"url\":\"https:\\\/\\\/uczymyna6.wedrowanie.org.pl\\\/\",\"logo\":{\"@type\":\"ImageObject\",\"inLanguage\":\"pl-PL\",\"@id\":\"https:\\\/\\\/uczymyna6.wedrowanie.org.pl\\\/#\\\/schema\\\/logo\\\/image\\\/\",\"url\":\"https:\\\/\\\/uczymyna6.wedrowanie.org.pl\\\/wp-content\\\/uploads\\\/2025\\\/08\\\/cropped-uczymyna6-logo_n.webp\",\"contentUrl\":\"https:\\\/\\\/uczymyna6.wedrowanie.org.pl\\\/wp-content\\\/uploads\\\/2025\\\/08\\\/cropped-uczymyna6-logo_n.webp\",\"width\":500,\"height\":200,\"caption\":\"Uczymyna6\"},\"image\":{\"@id\":\"https:\\\/\\\/uczymyna6.wedrowanie.org.pl\\\/#\\\/schema\\\/logo\\\/image\\\/\"}}]}<\/script>\n<!-- \/ Yoast SEO plugin. -->","yoast_head_json":{"title":"Angielski konwersacyjny online \u2013 1:1 z lektorem | uczymyna6.pl","description":"Chcesz m\u00f3wi\u0107 p\u0142ynnie po angielsku? Angielski konwersacyjny online 1:1 pomo\u017ce Ci prze\u0142ama\u0107 barier\u0119 j\u0119zykow\u0105 i zacz\u0105\u0107 m\u00f3wi\u0107 swobodnie \u2013 bez stresu i ocen.","robots":{"index":"index","follow":"follow","max-snippet":"max-snippet:-1","max-image-preview":"max-image-preview:large","max-video-preview":"max-video-preview:-1"},"canonical":"https:\/\/uczymyna6.wedrowanie.org.pl\/index.php\/produkt\/jezyk-angielski-konwersacyjny-online-11-dla-doroslych\/","og_locale":"pl_PL","og_type":"article","og_title":"Angielski konwersacyjny online \u2013 1:1 z lektorem | uczymyna6.pl","og_description":"Chcesz m\u00f3wi\u0107 p\u0142ynnie po angielsku? Angielski konwersacyjny online 1:1 pomo\u017ce Ci prze\u0142ama\u0107 barier\u0119 j\u0119zykow\u0105 i zacz\u0105\u0107 m\u00f3wi\u0107 swobodnie \u2013 bez stresu i ocen.","og_url":"https:\/\/uczymyna6.wedrowanie.org.pl\/index.php\/produkt\/jezyk-angielski-konwersacyjny-online-11-dla-doroslych\/","og_site_name":"Uczymyna6","article_modified_time":"2026-01-05T08:09:07+00:00","og_image":[{"width":1400,"height":900,"url":"https:\/\/uczymyna6.wedrowanie.org.pl\/wp-content\/uploads\/2025\/08\/kurs-konwersacyjny-sklep.webp","type":"image\/webp"}],"twitter_card":"summary_large_image","twitter_misc":{"Szacowany czas czytania":"2 minuty"},"schema":{"@context":"https:\/\/schema.org","@graph":[{"@type":"WebPage","@id":"https:\/\/uczymyna6.wedrowanie.org.pl\/index.php\/produkt\/jezyk-angielski-konwersacyjny-online-11-dla-doroslych\/","url":"https:\/\/uczymyna6.wedrowanie.org.pl\/index.php\/produkt\/jezyk-angielski-konwersacyjny-online-11-dla-doroslych\/","name":"Angielski konwersacyjny online \u2013 1:1 z lektorem | uczymyna6.pl","isPartOf":{"@id":"https:\/\/uczymyna6.wedrowanie.org.pl\/#website"},"primaryImageOfPage":{"@id":"https:\/\/uczymyna6.wedrowanie.org.pl\/index.php\/produkt\/jezyk-angielski-konwersacyjny-online-11-dla-doroslych\/#primaryimage"},"image":{"@id":"https:\/\/uczymyna6.wedrowanie.org.pl\/index.php\/produkt\/jezyk-angielski-konwersacyjny-online-11-dla-doroslych\/#primaryimage"},"thumbnailUrl":"https:\/\/uczymyna6.wedrowanie.org.pl\/wp-content\/uploads\/2025\/08\/kurs-konwersacyjny-sklep.webp","datePublished":"2025-08-04T11:45:54+00:00","dateModified":"2026-01-05T08:09:07+00:00","description":"Chcesz m\u00f3wi\u0107 p\u0142ynnie po angielsku? Angielski konwersacyjny online 1:1 pomo\u017ce Ci prze\u0142ama\u0107 barier\u0119 j\u0119zykow\u0105 i zacz\u0105\u0107 m\u00f3wi\u0107 swobodnie \u2013 bez stresu i ocen.","breadcrumb":{"@id":"https:\/\/uczymyna6.wedrowanie.org.pl\/index.php\/produkt\/jezyk-angielski-konwersacyjny-online-11-dla-doroslych\/#breadcrumb"},"inLanguage":"pl-PL","potentialAction":[{"@type":"ReadAction","target":["https:\/\/uczymyna6.wedrowanie.org.pl\/index.php\/produkt\/jezyk-angielski-konwersacyjny-online-11-dla-doroslych\/"]}]},{"@type":"ImageObject","inLanguage":"pl-PL","@id":"https:\/\/uczymyna6.wedrowanie.org.pl\/index.php\/produkt\/jezyk-angielski-konwersacyjny-online-11-dla-doroslych\/#primaryimage","url":"https:\/\/uczymyna6.wedrowanie.org.pl\/wp-content\/uploads\/2025\/08\/kurs-konwersacyjny-sklep.webp","contentUrl":"https:\/\/uczymyna6.wedrowanie.org.pl\/wp-content\/uploads\/2025\/08\/kurs-konwersacyjny-sklep.webp","width":1400,"height":900,"caption":"J\u0119zyk angielski konwersacyjny online"},{"@type":"BreadcrumbList","@id":"https:\/\/uczymyna6.wedrowanie.org.pl\/index.php\/produkt\/jezyk-angielski-konwersacyjny-online-11-dla-doroslych\/#breadcrumb","itemListElement":[{"@type":"ListItem","position":1,"name":"Strona g\u0142\u00f3wna","item":"https:\/\/uczymyna6.wedrowanie.org.pl\/"},{"@type":"ListItem","position":2,"name":"Sprawd\u017a, co dla Ciebie przygotowali\u015bmy","item":"https:\/\/uczymyna6.wedrowanie.org.pl\/index.php\/sklep\/"},{"@type":"ListItem","position":3,"name":"J\u0119zyk angielski konwersacyjny online \u2013 1:1 dla doros\u0142ych"}]},{"@type":"WebSite","@id":"https:\/\/uczymyna6.wedrowanie.org.pl\/#website","url":"https:\/\/uczymyna6.wedrowanie.org.pl\/","name":"Uczymyna6","description":"","publisher":{"@id":"https:\/\/uczymyna6.wedrowanie.org.pl\/#organization"},"potentialAction":[{"@type":"SearchAction","target":{"@type":"EntryPoint","urlTemplate":"https:\/\/uczymyna6.wedrowanie.org.pl\/?s={search_term_string}"},"query-input":{"@type":"PropertyValueSpecification","valueRequired":true,"valueName":"search_term_string"}}],"inLanguage":"pl-PL"},{"@type":"Organization","@id":"https:\/\/uczymyna6.wedrowanie.org.pl\/#organization","name":"Uczymyna6","url":"https:\/\/uczymyna6.wedrowanie.org.pl\/","logo":{"@type":"ImageObject","inLanguage":"pl-PL","@id":"https:\/\/uczymyna6.wedrowanie.org.pl\/#\/schema\/logo\/image\/","url":"https:\/\/uczymyna6.wedrowanie.org.pl\/wp-content\/uploads\/2025\/08\/cropped-uczymyna6-logo_n.webp","contentUrl":"https:\/\/uczymyna6.wedrowanie.org.pl\/wp-content\/uploads\/2025\/08\/cropped-uczymyna6-logo_n.webp","width":500,"height":200,"caption":"Uczymyna6"},"image":{"@id":"https:\/\/uczymyna6.wedrowanie.org.pl\/#\/schema\/logo\/image\/"}}]}},"_links":{"self":[{"href":"https:\/\/uczymyna6.wedrowanie.org.pl\/index.php\/wp-json\/wp\/v2\/product\/952","targetHints":{"allow":["GET"]}}],"collection":[{"href":"https:\/\/uczymyna6.wedrowanie.org.pl\/index.php\/wp-json\/wp\/v2\/product"}],"about":[{"href":"https:\/\/uczymyna6.wedrowanie.org.pl\/index.php\/wp-json\/wp\/v2\/types\/product"}],"wp:featuredmedia":[{"embeddable":true,"href":"https:\/\/uczymyna6.wedrowanie.org.pl\/index.php\/wp-json\/wp\/v2\/media\/956"}],"wp:attachment":[{"href":"https:\/\/uczymyna6.wedrowanie.org.pl\/index.php\/wp-json\/wp\/v2\/media?parent=952"}],"wp:term":[{"taxonomy":"product_brand","embeddable":true,"href":"https:\/\/uczymyna6.wedrowanie.org.pl\/index.php\/wp-json\/wp\/v2\/product_brand?post=952"},{"taxonomy":"product_cat","embeddable":true,"href":"https:\/\/uczymyna6.wedrowanie.org.pl\/index.php\/wp-json\/wp\/v2\/product_cat?post=952"},{"taxonomy":"product_tag","embeddable":true,"href":"https:\/\/uczymyna6.wedrowanie.org.pl\/index.php\/wp-json\/wp\/v2\/product_tag?post=952"}],"curies":[{"name":"wp","href":"https:\/\/api.w.org\/{rel}","templated":true}]}}