{"id":1503,"date":"2026-01-04T22:26:24","date_gmt":"2026-01-04T21:26:24","guid":{"rendered":"https:\/\/uczymyna6.wedrowanie.org.pl\/?post_type=product&#038;p=1503"},"modified":"2026-01-04T22:27:27","modified_gmt":"2026-01-04T21:27:27","slug":"ai-w-nauczaniu-jezykow-obcych-ebook","status":"publish","type":"product","link":"https:\/\/uczymyna6.wedrowanie.org.pl\/index.php\/produkt\/ai-w-nauczaniu-jezykow-obcych-ebook\/","title":{"rendered":"Szybsze i skuteczniejsze lekcje dzi\u0119ki AI. Przewodnik dla nauczycieli j\u0119zyk\u00f3w obcych"},"content":{"rendered":"<p data-pm-slice=\"1 1 []\">Chcesz przygotowywa\u0107 lekcje szybciej, skuteczniej i z wi\u0119kszym zaanga\u017cowaniem uczni\u00f3w?<\/p>\n<p>Ten e-book poka\u017ce Ci krok po kroku, jak wykorzysta\u0107 sztuczn\u0105 inteligencj\u0119 w pracy lektora i nauczyciela j\u0119zyk\u00f3w obcych.<\/p>\n<p>W przewodniku znajdziesz:<\/p>\n<ul>\n<li><strong>praktyczne wyja\u015bnienia i przyk\u0142ady zastosowania AI<\/strong>, dzi\u0119ki kt\u00f3rym zrozumiesz, jak dzia\u0142aj\u0105 modele j\u0119zykowe (ChatGPT, Claude, Gemini, Perplexity),<\/li>\n<li><strong>gotowe prompty<\/strong>, kt\u00f3re mo\u017cesz od razu wykorzysta\u0107 na lekcjach \u2013 do tworzenia konspekt\u00f3w, quiz\u00f3w, test\u00f3w, dialog\u00f3w czy gier j\u0119zykowych,<\/li>\n<li><strong>checklisty i \u0107wiczenia dla nauczyciela<\/strong>, aby\u015b m\u00f3g\u0142 od razu prze\u0107wiczy\u0107 nowe umiej\u0119tno\u015bci i wdro\u017cy\u0107 AI do swojej pracy,<\/li>\n<li><strong>narz\u0119dzia i aplikacje przydatne w edukacji j\u0119zykowej<\/strong> \u2013 od generator\u00f3w grafik i wideo po platformy wspieraj\u0105ce przygotowanie materia\u0142\u00f3w,Przygotowuj lekcje szybciej i skuteczniej dzi\u0119ki sztucznej inteligencji! Ten e-book to praktyczny przewodnik dla nauczycieli j\u0119zyk\u00f3w obcych, pe\u0142en gotowych prompt\u00f3w, \u0107wicze\u0144 i checklist do wykorzystania od razu na lekcjach.<\/li>\n<\/ul>\n<p>Dzi\u0119ki temu przewodnikowi dowiesz si\u0119, jak:<\/p>\n<ul>\n<li>w kilka minut przygotowa\u0107 konspekt lekcji,<\/li>\n<li>stworzy\u0107 r\u00f3\u017cne warianty \u0107wicze\u0144 dopasowanych do poziomu uczni\u00f3w,<\/li>\n<li>wykorzysta\u0107 AI do powt\u00f3rek i utrwalania wiedzy,<\/li>\n<li>urozmaici\u0107 zaj\u0119cia o interaktywne i kreatywne zadania,<\/li>\n<li>oszcz\u0119dza\u0107 czas i energi\u0119, nie trac\u0105c jako\u015bci nauczania.<\/li>\n<\/ul>\n<p>To nie jest teoretyczna ksi\u0105\u017cka \u2013 to <strong>praktyczne narz\u0119dzie<\/strong>, kt\u00f3re mo\u017cesz otworzy\u0107 i od razu wykorzysta\u0107 w pracy.<\/p>\n<p>AI nie zast\u0105pi Twojej wiedzy i do\u015bwiadczenia, ale dzi\u0119ki niemu lekcje stan\u0105 si\u0119 <strong>bardziej anga\u017cuj\u0105ce, r\u00f3\u017cnorodne i nowoczesne<\/strong>.<\/p>\n<h5><b>Format: PDF do pobrania<\/b><\/h5>\n<p class=\"p3\">Zawiera dziesi\u0105tki \u0107wicze\u0144, refleksji, checklist i prompt\u00f3w do natychmiastowego u\u017cycia.<\/p>\n","protected":false},"excerpt":{"rendered":"<p>Praktyczny e-book: jak wykorzysta\u0107 AI, by lekcje j\u0119zykowe by\u0142y szybsze i skuteczniejsze.<\/p>\n<p>Najni\u017csza cena z 30 ostatnich dni: 69,00 z\u0142<\/p>\n","protected":false},"featured_media":1505,"template":"","meta":{"_kadence_starter_templates_imported_post":false,"_kad_post_transparent":"default","_kad_post_title":"","_kad_post_layout":"default","_kad_post_sidebar_id":"","_kad_post_content_style":"default","_kad_post_vertical_padding":"default","_kad_post_feature":"","_kad_post_feature_position":"","_kad_post_header":false,"_kad_post_footer":false,"_kad_post_classname":""},"product_brand":[],"product_cat":[27],"product_tag":[],"class_list":{"0":"post-1503","1":"product","2":"type-product","3":"status-publish","4":"has-post-thumbnail","6":"product_cat-ebooki","8":"first","9":"instock","10":"sale","11":"downloadable","12":"shipping-taxable","13":"purchasable","14":"product-type-simple","15":"entry","16":"content-bg","17":"loop-entry"},"yoast_head":"<!-- This site is optimized with the Yoast SEO plugin v27.6 - https:\/\/yoast.com\/product\/yoast-seo-wordpress\/ -->\n<title>AI w nauczaniu j\u0119zyk\u00f3w obcych \u2013 e-book dla nauczycieli<\/title>\n<meta name=\"description\" content=\"Ten e-book pokazuje, jak wykorzysta\u0107 AI w nauczaniu j\u0119zyk\u00f3w. Dzi\u0119ki gotowym promptom i checklistom nauczysz si\u0119 przygotowywa\u0107 lekcje skuteczniej.\" \/>\n<meta name=\"robots\" content=\"index, follow, max-snippet:-1, max-image-preview:large, max-video-preview:-1\" \/>\n<link rel=\"canonical\" href=\"https:\/\/uczymyna6.wedrowanie.org.pl\/index.php\/produkt\/ai-w-nauczaniu-jezykow-obcych-ebook\/\" \/>\n<meta property=\"og:locale\" content=\"pl_PL\" \/>\n<meta property=\"og:type\" content=\"article\" \/>\n<meta property=\"og:title\" content=\"AI w nauczaniu j\u0119zyk\u00f3w obcych \u2013 e-book dla nauczycieli\" \/>\n<meta property=\"og:description\" content=\"Ten e-book pokazuje, jak wykorzysta\u0107 AI w nauczaniu j\u0119zyk\u00f3w. Dzi\u0119ki gotowym promptom i checklistom nauczysz si\u0119 przygotowywa\u0107 lekcje skuteczniej.\" \/>\n<meta property=\"og:url\" content=\"https:\/\/uczymyna6.wedrowanie.org.pl\/index.php\/produkt\/ai-w-nauczaniu-jezykow-obcych-ebook\/\" \/>\n<meta property=\"og:site_name\" content=\"Uczymyna6\" \/>\n<meta property=\"article:modified_time\" content=\"2026-01-04T21:27:27+00:00\" \/>\n<meta property=\"og:image\" content=\"https:\/\/uczymyna6.wedrowanie.org.pl\/wp-content\/uploads\/2026\/01\/okladka2.png\" \/>\n\t<meta property=\"og:image:width\" content=\"1414\" \/>\n\t<meta property=\"og:image:height\" content=\"2000\" \/>\n\t<meta property=\"og:image:type\" content=\"image\/png\" \/>\n<meta name=\"twitter:card\" content=\"summary_large_image\" \/>\n<meta name=\"twitter:label1\" content=\"Szacowany czas czytania\" \/>\n\t<meta name=\"twitter:data1\" content=\"2 minuty\" \/>\n<script type=\"application\/ld+json\" class=\"yoast-schema-graph\">{\"@context\":\"https:\\\/\\\/schema.org\",\"@graph\":[{\"@type\":\"WebPage\",\"@id\":\"https:\\\/\\\/uczymyna6.wedrowanie.org.pl\\\/index.php\\\/produkt\\\/ai-w-nauczaniu-jezykow-obcych-ebook\\\/\",\"url\":\"https:\\\/\\\/uczymyna6.wedrowanie.org.pl\\\/index.php\\\/produkt\\\/ai-w-nauczaniu-jezykow-obcych-ebook\\\/\",\"name\":\"AI w nauczaniu j\u0119zyk\u00f3w obcych \u2013 e-book dla nauczycieli\",\"isPartOf\":{\"@id\":\"https:\\\/\\\/uczymyna6.wedrowanie.org.pl\\\/#website\"},\"primaryImageOfPage\":{\"@id\":\"https:\\\/\\\/uczymyna6.wedrowanie.org.pl\\\/index.php\\\/produkt\\\/ai-w-nauczaniu-jezykow-obcych-ebook\\\/#primaryimage\"},\"image\":{\"@id\":\"https:\\\/\\\/uczymyna6.wedrowanie.org.pl\\\/index.php\\\/produkt\\\/ai-w-nauczaniu-jezykow-obcych-ebook\\\/#primaryimage\"},\"thumbnailUrl\":\"https:\\\/\\\/uczymyna6.wedrowanie.org.pl\\\/wp-content\\\/uploads\\\/2026\\\/01\\\/okladka2.png\",\"datePublished\":\"2026-01-04T21:26:24+00:00\",\"dateModified\":\"2026-01-04T21:27:27+00:00\",\"description\":\"Ten e-book pokazuje, jak wykorzysta\u0107 AI w nauczaniu j\u0119zyk\u00f3w. Dzi\u0119ki gotowym promptom i checklistom nauczysz si\u0119 przygotowywa\u0107 lekcje skuteczniej.\",\"breadcrumb\":{\"@id\":\"https:\\\/\\\/uczymyna6.wedrowanie.org.pl\\\/index.php\\\/produkt\\\/ai-w-nauczaniu-jezykow-obcych-ebook\\\/#breadcrumb\"},\"inLanguage\":\"pl-PL\",\"potentialAction\":[{\"@type\":\"ReadAction\",\"target\":[\"https:\\\/\\\/uczymyna6.wedrowanie.org.pl\\\/index.php\\\/produkt\\\/ai-w-nauczaniu-jezykow-obcych-ebook\\\/\"]}]},{\"@type\":\"ImageObject\",\"inLanguage\":\"pl-PL\",\"@id\":\"https:\\\/\\\/uczymyna6.wedrowanie.org.pl\\\/index.php\\\/produkt\\\/ai-w-nauczaniu-jezykow-obcych-ebook\\\/#primaryimage\",\"url\":\"https:\\\/\\\/uczymyna6.wedrowanie.org.pl\\\/wp-content\\\/uploads\\\/2026\\\/01\\\/okladka2.png\",\"contentUrl\":\"https:\\\/\\\/uczymyna6.wedrowanie.org.pl\\\/wp-content\\\/uploads\\\/2026\\\/01\\\/okladka2.png\",\"width\":1414,\"height\":2000,\"caption\":\"AI w nauczaniu j\u0119zyk\u00f3w obcych\"},{\"@type\":\"BreadcrumbList\",\"@id\":\"https:\\\/\\\/uczymyna6.wedrowanie.org.pl\\\/index.php\\\/produkt\\\/ai-w-nauczaniu-jezykow-obcych-ebook\\\/#breadcrumb\",\"itemListElement\":[{\"@type\":\"ListItem\",\"position\":1,\"name\":\"Strona g\u0142\u00f3wna\",\"item\":\"https:\\\/\\\/uczymyna6.wedrowanie.org.pl\\\/\"},{\"@type\":\"ListItem\",\"position\":2,\"name\":\"Sprawd\u017a, co dla Ciebie przygotowali\u015bmy\",\"item\":\"https:\\\/\\\/uczymyna6.wedrowanie.org.pl\\\/index.php\\\/sklep\\\/\"},{\"@type\":\"ListItem\",\"position\":3,\"name\":\"Szybsze i skuteczniejsze lekcje dzi\u0119ki AI. Przewodnik dla nauczycieli j\u0119zyk\u00f3w obcych\"}]},{\"@type\":\"WebSite\",\"@id\":\"https:\\\/\\\/uczymyna6.wedrowanie.org.pl\\\/#website\",\"url\":\"https:\\\/\\\/uczymyna6.wedrowanie.org.pl\\\/\",\"name\":\"Uczymyna6\",\"description\":\"\",\"publisher\":{\"@id\":\"https:\\\/\\\/uczymyna6.wedrowanie.org.pl\\\/#organization\"},\"potentialAction\":[{\"@type\":\"SearchAction\",\"target\":{\"@type\":\"EntryPoint\",\"urlTemplate\":\"https:\\\/\\\/uczymyna6.wedrowanie.org.pl\\\/?s={search_term_string}\"},\"query-input\":{\"@type\":\"PropertyValueSpecification\",\"valueRequired\":true,\"valueName\":\"search_term_string\"}}],\"inLanguage\":\"pl-PL\"},{\"@type\":\"Organization\",\"@id\":\"https:\\\/\\\/uczymyna6.wedrowanie.org.pl\\\/#organization\",\"name\":\"Uczymyna6\",\"url\":\"https:\\\/\\\/uczymyna6.wedrowanie.org.pl\\\/\",\"logo\":{\"@type\":\"ImageObject\",\"inLanguage\":\"pl-PL\",\"@id\":\"https:\\\/\\\/uczymyna6.wedrowanie.org.pl\\\/#\\\/schema\\\/logo\\\/image\\\/\",\"url\":\"https:\\\/\\\/uczymyna6.wedrowanie.org.pl\\\/wp-content\\\/uploads\\\/2025\\\/08\\\/cropped-uczymyna6-logo_n.webp\",\"contentUrl\":\"https:\\\/\\\/uczymyna6.wedrowanie.org.pl\\\/wp-content\\\/uploads\\\/2025\\\/08\\\/cropped-uczymyna6-logo_n.webp\",\"width\":500,\"height\":200,\"caption\":\"Uczymyna6\"},\"image\":{\"@id\":\"https:\\\/\\\/uczymyna6.wedrowanie.org.pl\\\/#\\\/schema\\\/logo\\\/image\\\/\"}}]}<\/script>\n<!-- \/ Yoast SEO plugin. -->","yoast_head_json":{"title":"AI w nauczaniu j\u0119zyk\u00f3w obcych \u2013 e-book dla nauczycieli","description":"Ten e-book pokazuje, jak wykorzysta\u0107 AI w nauczaniu j\u0119zyk\u00f3w. Dzi\u0119ki gotowym promptom i checklistom nauczysz si\u0119 przygotowywa\u0107 lekcje skuteczniej.","robots":{"index":"index","follow":"follow","max-snippet":"max-snippet:-1","max-image-preview":"max-image-preview:large","max-video-preview":"max-video-preview:-1"},"canonical":"https:\/\/uczymyna6.wedrowanie.org.pl\/index.php\/produkt\/ai-w-nauczaniu-jezykow-obcych-ebook\/","og_locale":"pl_PL","og_type":"article","og_title":"AI w nauczaniu j\u0119zyk\u00f3w obcych \u2013 e-book dla nauczycieli","og_description":"Ten e-book pokazuje, jak wykorzysta\u0107 AI w nauczaniu j\u0119zyk\u00f3w. Dzi\u0119ki gotowym promptom i checklistom nauczysz si\u0119 przygotowywa\u0107 lekcje skuteczniej.","og_url":"https:\/\/uczymyna6.wedrowanie.org.pl\/index.php\/produkt\/ai-w-nauczaniu-jezykow-obcych-ebook\/","og_site_name":"Uczymyna6","article_modified_time":"2026-01-04T21:27:27+00:00","og_image":[{"width":1414,"height":2000,"url":"https:\/\/uczymyna6.wedrowanie.org.pl\/wp-content\/uploads\/2026\/01\/okladka2.png","type":"image\/png"}],"twitter_card":"summary_large_image","twitter_misc":{"Szacowany czas czytania":"2 minuty"},"schema":{"@context":"https:\/\/schema.org","@graph":[{"@type":"WebPage","@id":"https:\/\/uczymyna6.wedrowanie.org.pl\/index.php\/produkt\/ai-w-nauczaniu-jezykow-obcych-ebook\/","url":"https:\/\/uczymyna6.wedrowanie.org.pl\/index.php\/produkt\/ai-w-nauczaniu-jezykow-obcych-ebook\/","name":"AI w nauczaniu j\u0119zyk\u00f3w obcych \u2013 e-book dla nauczycieli","isPartOf":{"@id":"https:\/\/uczymyna6.wedrowanie.org.pl\/#website"},"primaryImageOfPage":{"@id":"https:\/\/uczymyna6.wedrowanie.org.pl\/index.php\/produkt\/ai-w-nauczaniu-jezykow-obcych-ebook\/#primaryimage"},"image":{"@id":"https:\/\/uczymyna6.wedrowanie.org.pl\/index.php\/produkt\/ai-w-nauczaniu-jezykow-obcych-ebook\/#primaryimage"},"thumbnailUrl":"https:\/\/uczymyna6.wedrowanie.org.pl\/wp-content\/uploads\/2026\/01\/okladka2.png","datePublished":"2026-01-04T21:26:24+00:00","dateModified":"2026-01-04T21:27:27+00:00","description":"Ten e-book pokazuje, jak wykorzysta\u0107 AI w nauczaniu j\u0119zyk\u00f3w. Dzi\u0119ki gotowym promptom i checklistom nauczysz si\u0119 przygotowywa\u0107 lekcje skuteczniej.","breadcrumb":{"@id":"https:\/\/uczymyna6.wedrowanie.org.pl\/index.php\/produkt\/ai-w-nauczaniu-jezykow-obcych-ebook\/#breadcrumb"},"inLanguage":"pl-PL","potentialAction":[{"@type":"ReadAction","target":["https:\/\/uczymyna6.wedrowanie.org.pl\/index.php\/produkt\/ai-w-nauczaniu-jezykow-obcych-ebook\/"]}]},{"@type":"ImageObject","inLanguage":"pl-PL","@id":"https:\/\/uczymyna6.wedrowanie.org.pl\/index.php\/produkt\/ai-w-nauczaniu-jezykow-obcych-ebook\/#primaryimage","url":"https:\/\/uczymyna6.wedrowanie.org.pl\/wp-content\/uploads\/2026\/01\/okladka2.png","contentUrl":"https:\/\/uczymyna6.wedrowanie.org.pl\/wp-content\/uploads\/2026\/01\/okladka2.png","width":1414,"height":2000,"caption":"AI w nauczaniu j\u0119zyk\u00f3w obcych"},{"@type":"BreadcrumbList","@id":"https:\/\/uczymyna6.wedrowanie.org.pl\/index.php\/produkt\/ai-w-nauczaniu-jezykow-obcych-ebook\/#breadcrumb","itemListElement":[{"@type":"ListItem","position":1,"name":"Strona g\u0142\u00f3wna","item":"https:\/\/uczymyna6.wedrowanie.org.pl\/"},{"@type":"ListItem","position":2,"name":"Sprawd\u017a, co dla Ciebie przygotowali\u015bmy","item":"https:\/\/uczymyna6.wedrowanie.org.pl\/index.php\/sklep\/"},{"@type":"ListItem","position":3,"name":"Szybsze i skuteczniejsze lekcje dzi\u0119ki AI. Przewodnik dla nauczycieli j\u0119zyk\u00f3w obcych"}]},{"@type":"WebSite","@id":"https:\/\/uczymyna6.wedrowanie.org.pl\/#website","url":"https:\/\/uczymyna6.wedrowanie.org.pl\/","name":"Uczymyna6","description":"","publisher":{"@id":"https:\/\/uczymyna6.wedrowanie.org.pl\/#organization"},"potentialAction":[{"@type":"SearchAction","target":{"@type":"EntryPoint","urlTemplate":"https:\/\/uczymyna6.wedrowanie.org.pl\/?s={search_term_string}"},"query-input":{"@type":"PropertyValueSpecification","valueRequired":true,"valueName":"search_term_string"}}],"inLanguage":"pl-PL"},{"@type":"Organization","@id":"https:\/\/uczymyna6.wedrowanie.org.pl\/#organization","name":"Uczymyna6","url":"https:\/\/uczymyna6.wedrowanie.org.pl\/","logo":{"@type":"ImageObject","inLanguage":"pl-PL","@id":"https:\/\/uczymyna6.wedrowanie.org.pl\/#\/schema\/logo\/image\/","url":"https:\/\/uczymyna6.wedrowanie.org.pl\/wp-content\/uploads\/2025\/08\/cropped-uczymyna6-logo_n.webp","contentUrl":"https:\/\/uczymyna6.wedrowanie.org.pl\/wp-content\/uploads\/2025\/08\/cropped-uczymyna6-logo_n.webp","width":500,"height":200,"caption":"Uczymyna6"},"image":{"@id":"https:\/\/uczymyna6.wedrowanie.org.pl\/#\/schema\/logo\/image\/"}}]}},"_links":{"self":[{"href":"https:\/\/uczymyna6.wedrowanie.org.pl\/index.php\/wp-json\/wp\/v2\/product\/1503","targetHints":{"allow":["GET"]}}],"collection":[{"href":"https:\/\/uczymyna6.wedrowanie.org.pl\/index.php\/wp-json\/wp\/v2\/product"}],"about":[{"href":"https:\/\/uczymyna6.wedrowanie.org.pl\/index.php\/wp-json\/wp\/v2\/types\/product"}],"wp:featuredmedia":[{"embeddable":true,"href":"https:\/\/uczymyna6.wedrowanie.org.pl\/index.php\/wp-json\/wp\/v2\/media\/1505"}],"wp:attachment":[{"href":"https:\/\/uczymyna6.wedrowanie.org.pl\/index.php\/wp-json\/wp\/v2\/media?parent=1503"}],"wp:term":[{"taxonomy":"product_brand","embeddable":true,"href":"https:\/\/uczymyna6.wedrowanie.org.pl\/index.php\/wp-json\/wp\/v2\/product_brand?post=1503"},{"taxonomy":"product_cat","embeddable":true,"href":"https:\/\/uczymyna6.wedrowanie.org.pl\/index.php\/wp-json\/wp\/v2\/product_cat?post=1503"},{"taxonomy":"product_tag","embeddable":true,"href":"https:\/\/uczymyna6.wedrowanie.org.pl\/index.php\/wp-json\/wp\/v2\/product_tag?post=1503"}],"curies":[{"name":"wp","href":"https:\/\/api.w.org\/{rel}","templated":true}]}}