{"id":1012,"date":"2025-08-05T13:25:57","date_gmt":"2025-08-05T11:25:57","guid":{"rendered":"https:\/\/uczymyna6.dkonto.pl\/?post_type=product&#038;p=1012"},"modified":"2026-01-04T22:27:46","modified_gmt":"2026-01-04T21:27:46","slug":"e-book-nauka-jezykow-obcych","status":"publish","type":"product","link":"https:\/\/uczymyna6.wedrowanie.org.pl\/index.php\/produkt\/e-book-nauka-jezykow-obcych\/","title":{"rendered":"E-book: J\u0119zyk obcy + AI: Jak skuteczniej uczy\u0107 si\u0119 j\u0119zyk\u00f3w z pomoc\u0105 sztucznej inteligencji + BONUS"},"content":{"rendered":"<p class=\"p1\"><b>Uczysz si\u0119 j\u0119zyka, ale brakuje Ci systemu, motywacji albo efekt\u00f3w? A mo\u017ce chcesz lepiej wykorzysta\u0107 nowe narz\u0119dzia, takie jak AI \u2013 ale nie wiesz, od czego zacz\u0105\u0107?<\/b><b><\/b><\/p>\n<p class=\"p3\">Ten e-book\u00a0o nauce j\u0119zyk\u00f3w z AI to praktyczny przewodnik po samodzielnej nauce j\u0119zyka z pomoc\u0105 sztucznej inteligencji. Bez \u017cargonu, bez lania wody \u2013 za to z konkretnymi przyk\u0142adami, \u0107wiczeniami i wskaz\u00f3wkami, kt\u00f3re mo\u017cesz od razu wdro\u017cy\u0107.<\/p>\n<h3><b>W \u015brodku znajdziesz:<\/b><\/h3>\n<ul>\n<li>\n<p class=\"p1\">jak zbudowa\u0107 w\u0142asny system nauki \u2013 oparty na Twoich celach, a nie cudzych planach,<\/p>\n<\/li>\n<li>\n<p class=\"p1\">jak dzia\u0142a pami\u0119\u0107 i jak uczy\u0107 si\u0119 w zgodzie z ni\u0105 (nie przeciwko niej),<\/p>\n<\/li>\n<li>\n<p class=\"p1\">jak u\u017cywa\u0107 AI (takich jak ChatGPT, Gemini czy Claude) jako nauczyciela, rozm\u00f3wcy i korepetytora,<\/p>\n<\/li>\n<li>\n<p class=\"p1\">gotowe prompty do \u0107wiczenia gramatyki, s\u0142ownictwa, pisania i m\u00f3wienia,<\/p>\n<\/li>\n<li>\n<p class=\"p1\">sposoby na tworzenie w\u0142asnych zada\u0144 j\u0119zykowych i plan\u00f3w nauki z AI,<\/p>\n<\/li>\n<li>\n<p class=\"p1\">pomys\u0142y na monitorowanie post\u0119p\u00f3w i refleksj\u0119 z pomoc\u0105 AI,<\/p>\n<\/li>\n<li>\n<p class=\"p1\">\u0142\u0105czenie AI z innymi metodami: kursami, konwersacjami, aplikacjami.<\/p>\n<\/li>\n<\/ul>\n<h3><b>Ten e-book o nauce j\u0119zyk\u00f3w z AI jest dla Ciebie, je\u015bli:<\/b><\/h3>\n<ul>\n<li>\n<p class=\"p1\">uczysz si\u0119 angielskiego lub innego j\u0119zyka obcego na poziomie A2\u2013C1,<\/p>\n<\/li>\n<li>\n<p class=\"p1\">chcesz uczy\u0107 si\u0119 skuteczniej, ale po swojemu \u2013 niekoniecznie z podr\u0119cznikiem,<\/p>\n<\/li>\n<li>\n<p class=\"p1\">chcesz zacz\u0105\u0107 pracowa\u0107 z AI, ale potrzebujesz prostych instrukcji i gotowych przyk\u0142ad\u00f3w,<\/p>\n<\/li>\n<li>\n<p class=\"p1\">masz ju\u017c za sob\u0105 kilka podej\u015b\u0107 i szukasz nowej energii i lepszych rezultat\u00f3w.<\/p>\n<\/li>\n<\/ul>\n<h3><b>Format: PDF do pobrania<\/b><\/h3>\n<p class=\"p3\">Zawiera dziesi\u0105tki \u0107wicze\u0144, refleksji, checklist i prompt\u00f3w do natychmiastowego u\u017cycia.<\/p>\n<h3 class=\"p3\"><span class=\"s2\"><b>Bonus: Lista<\/b><\/span> prompt\u00f3w (do nauki angielskiego) z e-booka do druku i skorzystania od r\u0119ki<\/h3>\n<p class=\"p3\">Zacznij uczy\u0107 si\u0119 j\u0119zyka skuteczniej, m\u0105drzej \u2013 i z ciekawo\u015bci\u0105.<\/p>\n<p class=\"p1\"><b>To nie podr\u0119cznik. To narz\u0119dzie, kt\u00f3re dzia\u0142a razem z Tob\u0105.<\/b><\/p>\n","protected":false},"excerpt":{"rendered":"<p class=\"p1\"><b>Jak uczy\u0107 si\u0119 j\u0119zyka z pomoc\u0105 AI \u2013 e-book pe\u0142en \u0107wicze\u0144, prompt\u00f3w i praktycznych wskaz\u00f3wek. <\/b><\/p>\n<p class=\"p1\">Dowiesz si\u0119, jak wykorzysta\u0107 narz\u0119dzia takie jak ChatGPT czy Gemini do nauki s\u0142ownictwa, gramatyki, pisania i m\u00f3wienia.<\/p>\n<p>Najni\u017csza cena z ostatnich 30 dni: 69 z\u0142<\/p>\n","protected":false},"featured_media":1022,"template":"","meta":{"_kadence_starter_templates_imported_post":false,"_kad_post_transparent":"default","_kad_post_title":"","_kad_post_layout":"default","_kad_post_sidebar_id":"","_kad_post_content_style":"default","_kad_post_vertical_padding":"default","_kad_post_feature":"","_kad_post_feature_position":"","_kad_post_header":false,"_kad_post_footer":false,"_kad_post_classname":""},"product_brand":[],"product_cat":[27],"product_tag":[],"class_list":{"0":"post-1012","1":"product","2":"type-product","3":"status-publish","4":"has-post-thumbnail","6":"product_cat-ebooki","8":"first","9":"instock","10":"sale","11":"downloadable","12":"shipping-taxable","13":"purchasable","14":"product-type-simple","15":"entry","16":"content-bg","17":"loop-entry"},"yoast_head":"<!-- This site is optimized with the Yoast SEO plugin v27.6 - https:\/\/yoast.com\/product\/yoast-seo-wordpress\/ -->\n<title>E-book o nauce j\u0119zyk\u00f3w z AI \u2013 praktyczny e-book z promptami<\/title>\n<meta name=\"description\" content=\"Praktyczny e-book o nauce j\u0119zyk\u00f3w z AI. Dowiedz si\u0119, jak \u0107wiczy\u0107 gramatyk\u0119, s\u0142ownictwo, pisanie i m\u00f3wienie. Gotowe prompty i zadania!\" \/>\n<meta name=\"robots\" content=\"index, follow, max-snippet:-1, max-image-preview:large, max-video-preview:-1\" \/>\n<link rel=\"canonical\" href=\"https:\/\/uczymyna6.wedrowanie.org.pl\/index.php\/produkt\/e-book-nauka-jezykow-obcych\/\" \/>\n<meta property=\"og:locale\" content=\"pl_PL\" \/>\n<meta property=\"og:type\" content=\"article\" \/>\n<meta property=\"og:title\" content=\"E-book o nauce j\u0119zyk\u00f3w z AI \u2013 praktyczny e-book z promptami\" \/>\n<meta property=\"og:description\" content=\"Praktyczny e-book o nauce j\u0119zyk\u00f3w z AI. Dowiedz si\u0119, jak \u0107wiczy\u0107 gramatyk\u0119, s\u0142ownictwo, pisanie i m\u00f3wienie. Gotowe prompty i zadania!\" \/>\n<meta property=\"og:url\" content=\"https:\/\/uczymyna6.wedrowanie.org.pl\/index.php\/produkt\/e-book-nauka-jezykow-obcych\/\" \/>\n<meta property=\"og:site_name\" content=\"Uczymyna6\" \/>\n<meta property=\"article:modified_time\" content=\"2026-01-04T21:27:46+00:00\" \/>\n<meta property=\"og:image\" content=\"https:\/\/uczymyna6.wedrowanie.org.pl\/wp-content\/uploads\/2025\/08\/okladka-sklep-ebook.webp\" \/>\n\t<meta property=\"og:image:width\" content=\"1400\" \/>\n\t<meta property=\"og:image:height\" content=\"900\" \/>\n\t<meta property=\"og:image:type\" content=\"image\/webp\" \/>\n<meta name=\"twitter:card\" content=\"summary_large_image\" \/>\n<meta name=\"twitter:label1\" content=\"Szacowany czas czytania\" \/>\n\t<meta name=\"twitter:data1\" content=\"2 minuty\" \/>\n<script type=\"application\/ld+json\" class=\"yoast-schema-graph\">{\"@context\":\"https:\\\/\\\/schema.org\",\"@graph\":[{\"@type\":\"WebPage\",\"@id\":\"https:\\\/\\\/uczymyna6.wedrowanie.org.pl\\\/index.php\\\/produkt\\\/e-book-nauka-jezykow-obcych\\\/\",\"url\":\"https:\\\/\\\/uczymyna6.wedrowanie.org.pl\\\/index.php\\\/produkt\\\/e-book-nauka-jezykow-obcych\\\/\",\"name\":\"E-book o nauce j\u0119zyk\u00f3w z AI \u2013 praktyczny e-book z promptami\",\"isPartOf\":{\"@id\":\"https:\\\/\\\/uczymyna6.wedrowanie.org.pl\\\/#website\"},\"primaryImageOfPage\":{\"@id\":\"https:\\\/\\\/uczymyna6.wedrowanie.org.pl\\\/index.php\\\/produkt\\\/e-book-nauka-jezykow-obcych\\\/#primaryimage\"},\"image\":{\"@id\":\"https:\\\/\\\/uczymyna6.wedrowanie.org.pl\\\/index.php\\\/produkt\\\/e-book-nauka-jezykow-obcych\\\/#primaryimage\"},\"thumbnailUrl\":\"https:\\\/\\\/uczymyna6.wedrowanie.org.pl\\\/wp-content\\\/uploads\\\/2025\\\/08\\\/okladka-sklep-ebook.webp\",\"datePublished\":\"2025-08-05T11:25:57+00:00\",\"dateModified\":\"2026-01-04T21:27:46+00:00\",\"description\":\"Praktyczny e-book o nauce j\u0119zyk\u00f3w z AI. Dowiedz si\u0119, jak \u0107wiczy\u0107 gramatyk\u0119, s\u0142ownictwo, pisanie i m\u00f3wienie. Gotowe prompty i zadania!\",\"breadcrumb\":{\"@id\":\"https:\\\/\\\/uczymyna6.wedrowanie.org.pl\\\/index.php\\\/produkt\\\/e-book-nauka-jezykow-obcych\\\/#breadcrumb\"},\"inLanguage\":\"pl-PL\",\"potentialAction\":[{\"@type\":\"ReadAction\",\"target\":[\"https:\\\/\\\/uczymyna6.wedrowanie.org.pl\\\/index.php\\\/produkt\\\/e-book-nauka-jezykow-obcych\\\/\"]}]},{\"@type\":\"ImageObject\",\"inLanguage\":\"pl-PL\",\"@id\":\"https:\\\/\\\/uczymyna6.wedrowanie.org.pl\\\/index.php\\\/produkt\\\/e-book-nauka-jezykow-obcych\\\/#primaryimage\",\"url\":\"https:\\\/\\\/uczymyna6.wedrowanie.org.pl\\\/wp-content\\\/uploads\\\/2025\\\/08\\\/okladka-sklep-ebook.webp\",\"contentUrl\":\"https:\\\/\\\/uczymyna6.wedrowanie.org.pl\\\/wp-content\\\/uploads\\\/2025\\\/08\\\/okladka-sklep-ebook.webp\",\"width\":1400,\"height\":900,\"caption\":\"e-book o nauce j\u0119zyk\u00f3w z AI\"},{\"@type\":\"BreadcrumbList\",\"@id\":\"https:\\\/\\\/uczymyna6.wedrowanie.org.pl\\\/index.php\\\/produkt\\\/e-book-nauka-jezykow-obcych\\\/#breadcrumb\",\"itemListElement\":[{\"@type\":\"ListItem\",\"position\":1,\"name\":\"Strona g\u0142\u00f3wna\",\"item\":\"https:\\\/\\\/uczymyna6.wedrowanie.org.pl\\\/\"},{\"@type\":\"ListItem\",\"position\":2,\"name\":\"Sprawd\u017a, co dla Ciebie przygotowali\u015bmy\",\"item\":\"https:\\\/\\\/uczymyna6.wedrowanie.org.pl\\\/index.php\\\/sklep\\\/\"},{\"@type\":\"ListItem\",\"position\":3,\"name\":\"E-book: J\u0119zyk obcy + AI: Jak skuteczniej uczy\u0107 si\u0119 j\u0119zyk\u00f3w z pomoc\u0105 sztucznej inteligencji + BONUS\"}]},{\"@type\":\"WebSite\",\"@id\":\"https:\\\/\\\/uczymyna6.wedrowanie.org.pl\\\/#website\",\"url\":\"https:\\\/\\\/uczymyna6.wedrowanie.org.pl\\\/\",\"name\":\"Uczymyna6\",\"description\":\"\",\"publisher\":{\"@id\":\"https:\\\/\\\/uczymyna6.wedrowanie.org.pl\\\/#organization\"},\"potentialAction\":[{\"@type\":\"SearchAction\",\"target\":{\"@type\":\"EntryPoint\",\"urlTemplate\":\"https:\\\/\\\/uczymyna6.wedrowanie.org.pl\\\/?s={search_term_string}\"},\"query-input\":{\"@type\":\"PropertyValueSpecification\",\"valueRequired\":true,\"valueName\":\"search_term_string\"}}],\"inLanguage\":\"pl-PL\"},{\"@type\":\"Organization\",\"@id\":\"https:\\\/\\\/uczymyna6.wedrowanie.org.pl\\\/#organization\",\"name\":\"Uczymyna6\",\"url\":\"https:\\\/\\\/uczymyna6.wedrowanie.org.pl\\\/\",\"logo\":{\"@type\":\"ImageObject\",\"inLanguage\":\"pl-PL\",\"@id\":\"https:\\\/\\\/uczymyna6.wedrowanie.org.pl\\\/#\\\/schema\\\/logo\\\/image\\\/\",\"url\":\"https:\\\/\\\/uczymyna6.wedrowanie.org.pl\\\/wp-content\\\/uploads\\\/2025\\\/08\\\/cropped-uczymyna6-logo_n.webp\",\"contentUrl\":\"https:\\\/\\\/uczymyna6.wedrowanie.org.pl\\\/wp-content\\\/uploads\\\/2025\\\/08\\\/cropped-uczymyna6-logo_n.webp\",\"width\":500,\"height\":200,\"caption\":\"Uczymyna6\"},\"image\":{\"@id\":\"https:\\\/\\\/uczymyna6.wedrowanie.org.pl\\\/#\\\/schema\\\/logo\\\/image\\\/\"}}]}<\/script>\n<!-- \/ Yoast SEO plugin. -->","yoast_head_json":{"title":"E-book o nauce j\u0119zyk\u00f3w z AI \u2013 praktyczny e-book z promptami","description":"Praktyczny e-book o nauce j\u0119zyk\u00f3w z AI. Dowiedz si\u0119, jak \u0107wiczy\u0107 gramatyk\u0119, s\u0142ownictwo, pisanie i m\u00f3wienie. Gotowe prompty i zadania!","robots":{"index":"index","follow":"follow","max-snippet":"max-snippet:-1","max-image-preview":"max-image-preview:large","max-video-preview":"max-video-preview:-1"},"canonical":"https:\/\/uczymyna6.wedrowanie.org.pl\/index.php\/produkt\/e-book-nauka-jezykow-obcych\/","og_locale":"pl_PL","og_type":"article","og_title":"E-book o nauce j\u0119zyk\u00f3w z AI \u2013 praktyczny e-book z promptami","og_description":"Praktyczny e-book o nauce j\u0119zyk\u00f3w z AI. Dowiedz si\u0119, jak \u0107wiczy\u0107 gramatyk\u0119, s\u0142ownictwo, pisanie i m\u00f3wienie. Gotowe prompty i zadania!","og_url":"https:\/\/uczymyna6.wedrowanie.org.pl\/index.php\/produkt\/e-book-nauka-jezykow-obcych\/","og_site_name":"Uczymyna6","article_modified_time":"2026-01-04T21:27:46+00:00","og_image":[{"width":1400,"height":900,"url":"https:\/\/uczymyna6.wedrowanie.org.pl\/wp-content\/uploads\/2025\/08\/okladka-sklep-ebook.webp","type":"image\/webp"}],"twitter_card":"summary_large_image","twitter_misc":{"Szacowany czas czytania":"2 minuty"},"schema":{"@context":"https:\/\/schema.org","@graph":[{"@type":"WebPage","@id":"https:\/\/uczymyna6.wedrowanie.org.pl\/index.php\/produkt\/e-book-nauka-jezykow-obcych\/","url":"https:\/\/uczymyna6.wedrowanie.org.pl\/index.php\/produkt\/e-book-nauka-jezykow-obcych\/","name":"E-book o nauce j\u0119zyk\u00f3w z AI \u2013 praktyczny e-book z promptami","isPartOf":{"@id":"https:\/\/uczymyna6.wedrowanie.org.pl\/#website"},"primaryImageOfPage":{"@id":"https:\/\/uczymyna6.wedrowanie.org.pl\/index.php\/produkt\/e-book-nauka-jezykow-obcych\/#primaryimage"},"image":{"@id":"https:\/\/uczymyna6.wedrowanie.org.pl\/index.php\/produkt\/e-book-nauka-jezykow-obcych\/#primaryimage"},"thumbnailUrl":"https:\/\/uczymyna6.wedrowanie.org.pl\/wp-content\/uploads\/2025\/08\/okladka-sklep-ebook.webp","datePublished":"2025-08-05T11:25:57+00:00","dateModified":"2026-01-04T21:27:46+00:00","description":"Praktyczny e-book o nauce j\u0119zyk\u00f3w z AI. Dowiedz si\u0119, jak \u0107wiczy\u0107 gramatyk\u0119, s\u0142ownictwo, pisanie i m\u00f3wienie. Gotowe prompty i zadania!","breadcrumb":{"@id":"https:\/\/uczymyna6.wedrowanie.org.pl\/index.php\/produkt\/e-book-nauka-jezykow-obcych\/#breadcrumb"},"inLanguage":"pl-PL","potentialAction":[{"@type":"ReadAction","target":["https:\/\/uczymyna6.wedrowanie.org.pl\/index.php\/produkt\/e-book-nauka-jezykow-obcych\/"]}]},{"@type":"ImageObject","inLanguage":"pl-PL","@id":"https:\/\/uczymyna6.wedrowanie.org.pl\/index.php\/produkt\/e-book-nauka-jezykow-obcych\/#primaryimage","url":"https:\/\/uczymyna6.wedrowanie.org.pl\/wp-content\/uploads\/2025\/08\/okladka-sklep-ebook.webp","contentUrl":"https:\/\/uczymyna6.wedrowanie.org.pl\/wp-content\/uploads\/2025\/08\/okladka-sklep-ebook.webp","width":1400,"height":900,"caption":"e-book o nauce j\u0119zyk\u00f3w z AI"},{"@type":"BreadcrumbList","@id":"https:\/\/uczymyna6.wedrowanie.org.pl\/index.php\/produkt\/e-book-nauka-jezykow-obcych\/#breadcrumb","itemListElement":[{"@type":"ListItem","position":1,"name":"Strona g\u0142\u00f3wna","item":"https:\/\/uczymyna6.wedrowanie.org.pl\/"},{"@type":"ListItem","position":2,"name":"Sprawd\u017a, co dla Ciebie przygotowali\u015bmy","item":"https:\/\/uczymyna6.wedrowanie.org.pl\/index.php\/sklep\/"},{"@type":"ListItem","position":3,"name":"E-book: J\u0119zyk obcy + AI: Jak skuteczniej uczy\u0107 si\u0119 j\u0119zyk\u00f3w z pomoc\u0105 sztucznej inteligencji + BONUS"}]},{"@type":"WebSite","@id":"https:\/\/uczymyna6.wedrowanie.org.pl\/#website","url":"https:\/\/uczymyna6.wedrowanie.org.pl\/","name":"Uczymyna6","description":"","publisher":{"@id":"https:\/\/uczymyna6.wedrowanie.org.pl\/#organization"},"potentialAction":[{"@type":"SearchAction","target":{"@type":"EntryPoint","urlTemplate":"https:\/\/uczymyna6.wedrowanie.org.pl\/?s={search_term_string}"},"query-input":{"@type":"PropertyValueSpecification","valueRequired":true,"valueName":"search_term_string"}}],"inLanguage":"pl-PL"},{"@type":"Organization","@id":"https:\/\/uczymyna6.wedrowanie.org.pl\/#organization","name":"Uczymyna6","url":"https:\/\/uczymyna6.wedrowanie.org.pl\/","logo":{"@type":"ImageObject","inLanguage":"pl-PL","@id":"https:\/\/uczymyna6.wedrowanie.org.pl\/#\/schema\/logo\/image\/","url":"https:\/\/uczymyna6.wedrowanie.org.pl\/wp-content\/uploads\/2025\/08\/cropped-uczymyna6-logo_n.webp","contentUrl":"https:\/\/uczymyna6.wedrowanie.org.pl\/wp-content\/uploads\/2025\/08\/cropped-uczymyna6-logo_n.webp","width":500,"height":200,"caption":"Uczymyna6"},"image":{"@id":"https:\/\/uczymyna6.wedrowanie.org.pl\/#\/schema\/logo\/image\/"}}]}},"_links":{"self":[{"href":"https:\/\/uczymyna6.wedrowanie.org.pl\/index.php\/wp-json\/wp\/v2\/product\/1012","targetHints":{"allow":["GET"]}}],"collection":[{"href":"https:\/\/uczymyna6.wedrowanie.org.pl\/index.php\/wp-json\/wp\/v2\/product"}],"about":[{"href":"https:\/\/uczymyna6.wedrowanie.org.pl\/index.php\/wp-json\/wp\/v2\/types\/product"}],"wp:featuredmedia":[{"embeddable":true,"href":"https:\/\/uczymyna6.wedrowanie.org.pl\/index.php\/wp-json\/wp\/v2\/media\/1022"}],"wp:attachment":[{"href":"https:\/\/uczymyna6.wedrowanie.org.pl\/index.php\/wp-json\/wp\/v2\/media?parent=1012"}],"wp:term":[{"taxonomy":"product_brand","embeddable":true,"href":"https:\/\/uczymyna6.wedrowanie.org.pl\/index.php\/wp-json\/wp\/v2\/product_brand?post=1012"},{"taxonomy":"product_cat","embeddable":true,"href":"https:\/\/uczymyna6.wedrowanie.org.pl\/index.php\/wp-json\/wp\/v2\/product_cat?post=1012"},{"taxonomy":"product_tag","embeddable":true,"href":"https:\/\/uczymyna6.wedrowanie.org.pl\/index.php\/wp-json\/wp\/v2\/product_tag?post=1012"}],"curies":[{"name":"wp","href":"https:\/\/api.w.org\/{rel}","templated":true}]}}