{"id":3,"date":"2025-04-22T23:29:20","date_gmt":"2025-04-22T21:29:20","guid":{"rendered":"http:\/\/bezaiwp68.you2.pl\/?page_id=3"},"modified":"2025-12-29T11:40:02","modified_gmt":"2025-12-29T10:40:02","slug":"polityka-prywatnosci","status":"publish","type":"page","link":"https:\/\/uczymyna6.wedrowanie.org.pl\/index.php\/polityka-prywatnosci\/","title":{"rendered":"Polityka prywatno\u015bci"},"content":{"rendered":"\n<p class=\"has-medium-font-size\">Niniejsza Polityka stanowi podstawow\u0105 informacj\u0119 o celach, sposobach przetwarzania oraz bezpiecze\u0144stwie Twoich danych osobowych jako u\u017cytkownika strony:&nbsp;<strong>uczymyna6.pl<\/strong>&nbsp;(zwanej dalej Stron\u0105). Zapoznaj\u0105c si\u0119 z Polityk\u0105 prywatno\u015bci, dowiesz si\u0119, kto jest administratorem Twoich danych osobowych, jakie dane osobowe s\u0105 przez Stron\u0119 zbierane, w jakich celach s\u0105 wykorzystywane oraz jak s\u0105 chronione.<\/p>\n\n\n\n<hr class=\"wp-block-separator has-alpha-channel-opacity\"\/>\n\n\n\n<h3 class=\"wp-block-heading\">\u00a71. Informacje podstawowe<\/h3>\n\n\n\n<p class=\"has-medium-font-size\">Operatorem serwisu oraz Administratorem Twoich danych osobowych jest:<br>Uczymy na 6.pl Ma\u0142gorzata Nowakowska, ul.\u00a0Karpia 27\/51, 61-619, Pozna\u0144, email: <a href=\"mailto:uczymyna6@wedrowanie.org.pl\">uczymyna6@wedrowanie.org.pl<\/a>, NIP: 7822140937, REGON: 543577590.<\/p>\n\n\n\n<p class=\"has-medium-font-size\">Kontakt z Administratorem mo\u017cliwy jest drog\u0105 elektroniczn\u0105:&nbsp;<a href=\"mailto:uczymyna6@wedrowanie.org.pl\">uczymyna6@wedrowanie.org.pl<\/a><\/p>\n\n\n\n<p class=\"has-medium-font-size\">Dane osobowe s\u0105 przetwarzane zgodnie z przepisami prawa, w szczeg\u00f3lno\u015bci zgodnie z Rozporz\u0105dzeniem Parlamentu Europejskiego i Rady (UE) 2016\/679 z dnia 27 kwietnia 2016 r. (RODO).<br>Oficjalny tekst RODO:&nbsp;<a class=\"\" href=\"http:\/\/eur-lex.europa.eu\/legal-content\/PL\/TXT\/?uri=CELEX%3A32016R0679\">http:\/\/eur-lex.europa.eu\/legal-content\/PL\/TXT\/?uri=CELEX%3A32016R0679<\/a><\/p>\n\n\n\n<hr class=\"wp-block-separator has-alpha-channel-opacity\"\/>\n\n\n\n<h3 class=\"wp-block-heading\">\u00a72. Zasady przetwarzania danych<\/h3>\n\n\n\n<p class=\"has-medium-font-size\">Administrator przetwarza dane osobowe z poszanowaniem zasad:<\/p>\n\n\n\n<ul class=\"wp-block-list\">\n<li class=\"has-medium-font-size\">zgodno\u015bci z prawem,<\/li>\n\n\n\n<li class=\"has-medium-font-size\">rzetelno\u015bci i przejrzysto\u015bci,<\/li>\n\n\n\n<li class=\"has-medium-font-size\">celowo\u015bci i minimalizacji,<\/li>\n\n\n\n<li class=\"has-medium-font-size\">adekwatno\u015bci i prawid\u0142owo\u015bci,<\/li>\n\n\n\n<li class=\"has-medium-font-size\">ograniczenia czasowego,<\/li>\n\n\n\n<li class=\"has-medium-font-size\">bezpiecze\u0144stwa.<\/li>\n<\/ul>\n\n\n\n<hr class=\"wp-block-separator has-alpha-channel-opacity\"\/>\n\n\n\n<h3 class=\"wp-block-heading\">\u00a73. Cele, podstawy prawne i zakres przetwarzania danych<\/h3>\n\n\n\n<ol class=\"wp-block-list\">\n<li class=\"has-medium-font-size\">Twoje dane b\u0119dziemy przetwarza\u0107:<\/li>\n<\/ol>\n\n\n\n<ul class=\"wp-block-list\">\n<li class=\"has-medium-font-size\">w celu realizacji zam\u00f3wie\u0144 i zakup\u00f3w produkt\u00f3w edukacyjnych,<\/li>\n\n\n\n<li class=\"has-medium-font-size\">w celu prowadzenia newslettera i przesy\u0142ania informacji handlowych (zgoda),<\/li>\n\n\n\n<li class=\"has-medium-font-size\">w celach kontaktowych \u2013 odpowied\u017a na wiadomo\u015bci e-mail\/formularze (prawnie uzasadniony interes),<\/li>\n\n\n\n<li class=\"has-medium-font-size\">w celach statystycznych, analitycznych oraz poprawy funkcjonalno\u015bci strony przy u\u017cyciu plik\u00f3w cookies (uzasadniony interes).<\/li>\n<\/ul>\n\n\n\n<ol start=\"2\" class=\"wp-block-list\">\n<li class=\"has-medium-font-size\">Przetwarzane dane obejmuj\u0105:<\/li>\n<\/ol>\n\n\n\n<ul class=\"wp-block-list has-medium-font-size\">\n<li>dane z wiadomo\u015bci e-mail (dobrowolne),<\/li>\n\n\n\n<li>dane z formularzy kontaktowych (e-mail, imi\u0119 \u2013 wymagane),<\/li>\n\n\n\n<li>dane niezb\u0119dne do realizacji zam\u00f3wienia (imi\u0119, nazwisko, adres e-mail, adres zamieszkania, numer telefonu),<\/li>\n\n\n\n<li>adres IP, dane z plik\u00f3w cookies, dane techniczne.<\/li>\n<\/ul>\n\n\n\n<ol start=\"3\" class=\"wp-block-list has-medium-font-size\">\n<li>Operator korzysta z narz\u0119dzi takich jak Google Analytics, Facebook Pixel, wtyczki spo\u0142eczno\u015bciowe \u2013 zgodnie z zasadami prywatno\u015bci tych us\u0142ugodawc\u00f3w.<\/li>\n\n\n\n<li>Dane mog\u0105 by\u0107 udost\u0119pnione podmiotom wspieraj\u0105cym obs\u0142ug\u0119 strony:<\/li>\n<\/ol>\n\n\n\n<ul class=\"wp-block-list has-medium-font-size\">\n<li>dostawcy hostingu,<\/li>\n\n\n\n<li>operatorzy p\u0142atno\u015bci,<\/li>\n\n\n\n<li>banki,<\/li>\n\n\n\n<li>wsp\u00f3\u0142pracownicy przetwarzaj\u0105cy dane na potrzeby realizacji us\u0142ugi.<\/li>\n<\/ul>\n\n\n\n<hr class=\"wp-block-separator has-alpha-channel-opacity\"\/>\n\n\n\n<h3 class=\"wp-block-heading\">\u00a74. Newsletter<\/h3>\n\n\n\n<ol class=\"wp-block-list\">\n<li class=\"has-medium-font-size\">U\u017cytkownik mo\u017ce dobrowolnie zapisa\u0107 si\u0119 do newslettera, podaj\u0105c adres e-mail.<\/li>\n\n\n\n<li class=\"has-medium-font-size\">Podanie danych jest niezb\u0119dne do otrzymywania wiadomo\u015bci z informacjami edukacyjnymi, marketingowymi i promocyjnymi dotycz\u0105cymi oferty szko\u0142y uczymyna6.pl.<\/li>\n\n\n\n<li class=\"has-medium-font-size\">Podstaw\u0105 prawn\u0105 przetwarzania danych w tym zakresie jest wyra\u017cona zgoda (art. 6 ust. 1 lit. a RODO).<\/li>\n\n\n\n<li class=\"has-medium-font-size\">U\u017cytkownik mo\u017ce w ka\u017cdej chwili zrezygnowa\u0107 z otrzymywania newslettera, klikaj\u0105c w link rezygnacji znajduj\u0105cy si\u0119 w ka\u017cdej wiadomo\u015bci lub kontaktuj\u0105c si\u0119 z administratorem.<\/li>\n\n\n\n<li class=\"has-medium-font-size\">Dane zapisane do newslettera s\u0105 przechowywane do czasu cofni\u0119cia zgody.<\/li>\n<\/ol>\n\n\n\n<hr class=\"wp-block-separator has-alpha-channel-opacity\"\/>\n\n\n\n<h3 class=\"wp-block-heading\">\u00a75. Termin przechowywania danych<\/h3>\n\n\n\n<p class=\"has-medium-font-size\">Dane s\u0105 przechowywane przez czas niezb\u0119dny do realizacji cel\u00f3w, a dla cel\u00f3w marketingowych \u2013 maksymalnie 3 lata lub do momentu wycofania zgody.<\/p>\n\n\n\n<hr class=\"wp-block-separator has-alpha-channel-opacity\"\/>\n\n\n\n<h3 class=\"wp-block-heading\">\u00a76. Prawa u\u017cytkownik\u00f3w<\/h3>\n\n\n\n<p class=\"has-medium-font-size\">Masz prawo do:<\/p>\n\n\n\n<ul class=\"wp-block-list\">\n<li class=\"has-medium-font-size\">dost\u0119pu do swoich danych,<\/li>\n\n\n\n<li class=\"has-medium-font-size\">ich sprostowania, usuni\u0119cia lub ograniczenia przetwarzania,<\/li>\n\n\n\n<li class=\"has-medium-font-size\">przeniesienia danych,<\/li>\n\n\n\n<li class=\"has-medium-font-size\">wniesienia sprzeciwu wobec przetwarzania,<\/li>\n\n\n\n<li class=\"has-medium-font-size\">cofni\u0119cia zgody (w przypadku przetwarzania na jej podstawie),<\/li>\n\n\n\n<li class=\"has-medium-font-size\">wniesienia skargi do Prezesa Urz\u0119du Ochrony Danych Osobowych.<\/li>\n<\/ul>\n\n\n\n<p class=\"has-medium-font-size\">Podanie danych jest dobrowolne, ale niezb\u0119dne do realizacji us\u0142ug (np. zapisanie na kurs, otrzymywanie newslettera).<br>Wi\u0119cej informacji:&nbsp;<a class=\"\" href=\"http:\/\/www.uodo.gov.pl\/\">www.uodo.gov.pl<\/a><\/p>\n\n\n\n<hr class=\"wp-block-separator has-alpha-channel-opacity\"\/>\n\n\n\n<h3 class=\"wp-block-heading\">\u00a77. Pliki cookies<\/h3>\n\n\n\n<p class=\"has-medium-font-size\">Strona wykorzystuje pliki cookies w celu:<\/p>\n\n\n\n<ul class=\"wp-block-list\">\n<li class=\"has-medium-font-size\">dostosowania tre\u015bci strony do preferencji u\u017cytkownika,<\/li>\n\n\n\n<li class=\"has-medium-font-size\">tworzenia statystyk,<\/li>\n\n\n\n<li class=\"has-medium-font-size\">prowadzenia dzia\u0142a\u0144 marketingowych.<\/li>\n<\/ul>\n\n\n\n<p class=\"has-medium-font-size\">U\u017cytkownik mo\u017ce zarz\u0105dza\u0107 plikami cookies w ustawieniach przegl\u0105darki. Ograniczenie ich stosowania mo\u017ce wp\u0142yn\u0105\u0107 na dzia\u0142anie strony.<br><\/p>\n\n\n\n<p><\/p>\n","protected":false},"excerpt":{"rendered":"<p>Niniejsza Polityka stanowi podstawow\u0105 informacj\u0119 o celach, sposobach przetwarzania oraz bezpiecze\u0144stwie Twoich danych osobowych jako u\u017cytkownika strony:&nbsp;uczymyna6.pl&nbsp;(zwanej dalej Stron\u0105). Zapoznaj\u0105c si\u0119 z Polityk\u0105 prywatno\u015bci, dowiesz si\u0119, kto jest administratorem Twoich danych osobowych, jakie dane osobowe s\u0105 przez Stron\u0119 zbierane, w jakich celach s\u0105 wykorzystywane oraz jak s\u0105 chronione. \u00a71. Informacje podstawowe Operatorem serwisu oraz Administratorem&#8230;<\/p>\n","protected":false},"author":1,"featured_media":0,"parent":0,"menu_order":0,"comment_status":"closed","ping_status":"open","template":"","meta":{"_kadence_starter_templates_imported_post":false,"_kad_post_transparent":"","_kad_post_title":"","_kad_post_layout":"","_kad_post_sidebar_id":"","_kad_post_content_style":"","_kad_post_vertical_padding":"","_kad_post_feature":"","_kad_post_feature_position":"","_kad_post_header":false,"_kad_post_footer":false,"_kad_post_classname":"","footnotes":""},"class_list":["post-3","page","type-page","status-publish","hentry"],"yoast_head":"<!-- This site is optimized with the Yoast SEO plugin v27.6 - https:\/\/yoast.com\/product\/yoast-seo-wordpress\/ -->\n<title>Polityka prywatno\u015bci - Uczymyna6<\/title>\n<meta name=\"robots\" content=\"index, follow, max-snippet:-1, max-image-preview:large, max-video-preview:-1\" \/>\n<link rel=\"canonical\" href=\"https:\/\/uczymyna6.wedrowanie.org.pl\/index.php\/polityka-prywatnosci\/\" \/>\n<meta property=\"og:locale\" content=\"pl_PL\" \/>\n<meta property=\"og:type\" content=\"article\" \/>\n<meta property=\"og:title\" content=\"Polityka prywatno\u015bci - Uczymyna6\" \/>\n<meta property=\"og:description\" content=\"Niniejsza Polityka stanowi podstawow\u0105 informacj\u0119 o celach, sposobach przetwarzania oraz bezpiecze\u0144stwie Twoich danych osobowych jako u\u017cytkownika strony:&nbsp;uczymyna6.pl&nbsp;(zwanej dalej Stron\u0105). Zapoznaj\u0105c si\u0119 z Polityk\u0105 prywatno\u015bci, dowiesz si\u0119, kto jest administratorem Twoich danych osobowych, jakie dane osobowe s\u0105 przez Stron\u0119 zbierane, w jakich celach s\u0105 wykorzystywane oraz jak s\u0105 chronione. \u00a71. Informacje podstawowe Operatorem serwisu oraz Administratorem...\" \/>\n<meta property=\"og:url\" content=\"https:\/\/uczymyna6.wedrowanie.org.pl\/index.php\/polityka-prywatnosci\/\" \/>\n<meta property=\"og:site_name\" content=\"Uczymyna6\" \/>\n<meta property=\"article:modified_time\" content=\"2025-12-29T10:40:02+00:00\" \/>\n<meta name=\"twitter:card\" content=\"summary_large_image\" \/>\n<meta name=\"twitter:label1\" content=\"Szacowany czas czytania\" \/>\n\t<meta name=\"twitter:data1\" content=\"3 minuty\" \/>\n<script type=\"application\/ld+json\" class=\"yoast-schema-graph\">{\"@context\":\"https:\\\/\\\/schema.org\",\"@graph\":[{\"@type\":\"WebPage\",\"@id\":\"https:\\\/\\\/uczymyna6.wedrowanie.org.pl\\\/index.php\\\/polityka-prywatnosci\\\/\",\"url\":\"https:\\\/\\\/uczymyna6.wedrowanie.org.pl\\\/index.php\\\/polityka-prywatnosci\\\/\",\"name\":\"Polityka prywatno\u015bci - Uczymyna6\",\"isPartOf\":{\"@id\":\"https:\\\/\\\/uczymyna6.wedrowanie.org.pl\\\/#website\"},\"datePublished\":\"2025-04-22T21:29:20+00:00\",\"dateModified\":\"2025-12-29T10:40:02+00:00\",\"breadcrumb\":{\"@id\":\"https:\\\/\\\/uczymyna6.wedrowanie.org.pl\\\/index.php\\\/polityka-prywatnosci\\\/#breadcrumb\"},\"inLanguage\":\"pl-PL\",\"potentialAction\":[{\"@type\":\"ReadAction\",\"target\":[\"https:\\\/\\\/uczymyna6.wedrowanie.org.pl\\\/index.php\\\/polityka-prywatnosci\\\/\"]}]},{\"@type\":\"BreadcrumbList\",\"@id\":\"https:\\\/\\\/uczymyna6.wedrowanie.org.pl\\\/index.php\\\/polityka-prywatnosci\\\/#breadcrumb\",\"itemListElement\":[{\"@type\":\"ListItem\",\"position\":1,\"name\":\"Strona g\u0142\u00f3wna\",\"item\":\"https:\\\/\\\/uczymyna6.wedrowanie.org.pl\\\/\"},{\"@type\":\"ListItem\",\"position\":2,\"name\":\"polityka prywatno\u015bci\"}]},{\"@type\":\"WebSite\",\"@id\":\"https:\\\/\\\/uczymyna6.wedrowanie.org.pl\\\/#website\",\"url\":\"https:\\\/\\\/uczymyna6.wedrowanie.org.pl\\\/\",\"name\":\"Uczymyna6\",\"description\":\"\",\"publisher\":{\"@id\":\"https:\\\/\\\/uczymyna6.wedrowanie.org.pl\\\/#organization\"},\"potentialAction\":[{\"@type\":\"SearchAction\",\"target\":{\"@type\":\"EntryPoint\",\"urlTemplate\":\"https:\\\/\\\/uczymyna6.wedrowanie.org.pl\\\/?s={search_term_string}\"},\"query-input\":{\"@type\":\"PropertyValueSpecification\",\"valueRequired\":true,\"valueName\":\"search_term_string\"}}],\"inLanguage\":\"pl-PL\"},{\"@type\":\"Organization\",\"@id\":\"https:\\\/\\\/uczymyna6.wedrowanie.org.pl\\\/#organization\",\"name\":\"Uczymyna6\",\"url\":\"https:\\\/\\\/uczymyna6.wedrowanie.org.pl\\\/\",\"logo\":{\"@type\":\"ImageObject\",\"inLanguage\":\"pl-PL\",\"@id\":\"https:\\\/\\\/uczymyna6.wedrowanie.org.pl\\\/#\\\/schema\\\/logo\\\/image\\\/\",\"url\":\"https:\\\/\\\/uczymyna6.wedrowanie.org.pl\\\/wp-content\\\/uploads\\\/2025\\\/08\\\/cropped-uczymyna6-logo_n.webp\",\"contentUrl\":\"https:\\\/\\\/uczymyna6.wedrowanie.org.pl\\\/wp-content\\\/uploads\\\/2025\\\/08\\\/cropped-uczymyna6-logo_n.webp\",\"width\":500,\"height\":200,\"caption\":\"Uczymyna6\"},\"image\":{\"@id\":\"https:\\\/\\\/uczymyna6.wedrowanie.org.pl\\\/#\\\/schema\\\/logo\\\/image\\\/\"}}]}<\/script>\n<!-- \/ Yoast SEO plugin. -->","yoast_head_json":{"title":"Polityka prywatno\u015bci - Uczymyna6","robots":{"index":"index","follow":"follow","max-snippet":"max-snippet:-1","max-image-preview":"max-image-preview:large","max-video-preview":"max-video-preview:-1"},"canonical":"https:\/\/uczymyna6.wedrowanie.org.pl\/index.php\/polityka-prywatnosci\/","og_locale":"pl_PL","og_type":"article","og_title":"Polityka prywatno\u015bci - Uczymyna6","og_description":"Niniejsza Polityka stanowi podstawow\u0105 informacj\u0119 o celach, sposobach przetwarzania oraz bezpiecze\u0144stwie Twoich danych osobowych jako u\u017cytkownika strony:&nbsp;uczymyna6.pl&nbsp;(zwanej dalej Stron\u0105). Zapoznaj\u0105c si\u0119 z Polityk\u0105 prywatno\u015bci, dowiesz si\u0119, kto jest administratorem Twoich danych osobowych, jakie dane osobowe s\u0105 przez Stron\u0119 zbierane, w jakich celach s\u0105 wykorzystywane oraz jak s\u0105 chronione. \u00a71. Informacje podstawowe Operatorem serwisu oraz Administratorem...","og_url":"https:\/\/uczymyna6.wedrowanie.org.pl\/index.php\/polityka-prywatnosci\/","og_site_name":"Uczymyna6","article_modified_time":"2025-12-29T10:40:02+00:00","twitter_card":"summary_large_image","twitter_misc":{"Szacowany czas czytania":"3 minuty"},"schema":{"@context":"https:\/\/schema.org","@graph":[{"@type":"WebPage","@id":"https:\/\/uczymyna6.wedrowanie.org.pl\/index.php\/polityka-prywatnosci\/","url":"https:\/\/uczymyna6.wedrowanie.org.pl\/index.php\/polityka-prywatnosci\/","name":"Polityka prywatno\u015bci - Uczymyna6","isPartOf":{"@id":"https:\/\/uczymyna6.wedrowanie.org.pl\/#website"},"datePublished":"2025-04-22T21:29:20+00:00","dateModified":"2025-12-29T10:40:02+00:00","breadcrumb":{"@id":"https:\/\/uczymyna6.wedrowanie.org.pl\/index.php\/polityka-prywatnosci\/#breadcrumb"},"inLanguage":"pl-PL","potentialAction":[{"@type":"ReadAction","target":["https:\/\/uczymyna6.wedrowanie.org.pl\/index.php\/polityka-prywatnosci\/"]}]},{"@type":"BreadcrumbList","@id":"https:\/\/uczymyna6.wedrowanie.org.pl\/index.php\/polityka-prywatnosci\/#breadcrumb","itemListElement":[{"@type":"ListItem","position":1,"name":"Strona g\u0142\u00f3wna","item":"https:\/\/uczymyna6.wedrowanie.org.pl\/"},{"@type":"ListItem","position":2,"name":"polityka prywatno\u015bci"}]},{"@type":"WebSite","@id":"https:\/\/uczymyna6.wedrowanie.org.pl\/#website","url":"https:\/\/uczymyna6.wedrowanie.org.pl\/","name":"Uczymyna6","description":"","publisher":{"@id":"https:\/\/uczymyna6.wedrowanie.org.pl\/#organization"},"potentialAction":[{"@type":"SearchAction","target":{"@type":"EntryPoint","urlTemplate":"https:\/\/uczymyna6.wedrowanie.org.pl\/?s={search_term_string}"},"query-input":{"@type":"PropertyValueSpecification","valueRequired":true,"valueName":"search_term_string"}}],"inLanguage":"pl-PL"},{"@type":"Organization","@id":"https:\/\/uczymyna6.wedrowanie.org.pl\/#organization","name":"Uczymyna6","url":"https:\/\/uczymyna6.wedrowanie.org.pl\/","logo":{"@type":"ImageObject","inLanguage":"pl-PL","@id":"https:\/\/uczymyna6.wedrowanie.org.pl\/#\/schema\/logo\/image\/","url":"https:\/\/uczymyna6.wedrowanie.org.pl\/wp-content\/uploads\/2025\/08\/cropped-uczymyna6-logo_n.webp","contentUrl":"https:\/\/uczymyna6.wedrowanie.org.pl\/wp-content\/uploads\/2025\/08\/cropped-uczymyna6-logo_n.webp","width":500,"height":200,"caption":"Uczymyna6"},"image":{"@id":"https:\/\/uczymyna6.wedrowanie.org.pl\/#\/schema\/logo\/image\/"}}]}},"_links":{"self":[{"href":"https:\/\/uczymyna6.wedrowanie.org.pl\/index.php\/wp-json\/wp\/v2\/pages\/3","targetHints":{"allow":["GET"]}}],"collection":[{"href":"https:\/\/uczymyna6.wedrowanie.org.pl\/index.php\/wp-json\/wp\/v2\/pages"}],"about":[{"href":"https:\/\/uczymyna6.wedrowanie.org.pl\/index.php\/wp-json\/wp\/v2\/types\/page"}],"author":[{"embeddable":true,"href":"https:\/\/uczymyna6.wedrowanie.org.pl\/index.php\/wp-json\/wp\/v2\/users\/1"}],"replies":[{"embeddable":true,"href":"https:\/\/uczymyna6.wedrowanie.org.pl\/index.php\/wp-json\/wp\/v2\/comments?post=3"}],"version-history":[{"count":4,"href":"https:\/\/uczymyna6.wedrowanie.org.pl\/index.php\/wp-json\/wp\/v2\/pages\/3\/revisions"}],"predecessor-version":[{"id":1488,"href":"https:\/\/uczymyna6.wedrowanie.org.pl\/index.php\/wp-json\/wp\/v2\/pages\/3\/revisions\/1488"}],"wp:attachment":[{"href":"https:\/\/uczymyna6.wedrowanie.org.pl\/index.php\/wp-json\/wp\/v2\/media?parent=3"}],"curies":[{"name":"wp","href":"https:\/\/api.w.org\/{rel}","templated":true}]}}